{"id":12082,"date":"2023-02-03T13:17:00","date_gmt":"2023-02-03T13:17:00","guid":{"rendered":"https:\/\/regoc.test-astral.xyz\/?page_id=12082"},"modified":"2023-02-06T13:33:38","modified_gmt":"2023-02-06T13:33:38","slug":"nasi-clanovi","status":"publish","type":"page","link":"https:\/\/regoc.test-astral.xyz\/index.php\/nasi-clanovi\/","title":{"rendered":"Na\u0161i \u010dlanovi"},"content":{"rendered":"\t\t<div data-elementor-type=\"wp-page\" data-elementor-id=\"12082\" class=\"elementor elementor-12082\">\n\t\t\t\t\t\t\t\t\t<section class=\"elementor-section elementor-top-section elementor-element elementor-element-7702d71 elementor-section-full_width elementor-section-height-default elementor-section-height-default\" data-id=\"7702d71\" data-element_type=\"section\" data-settings=\"{&quot;background_background&quot;:&quot;classic&quot;}\">\n\t\t\t\t\t\t<div class=\"elementor-container elementor-column-gap-default\">\n\t\t\t\t\t<div class=\"elementor-column elementor-col-100 elementor-top-column elementor-element elementor-element-baada9b\" data-id=\"baada9b\" data-element_type=\"column\" data-settings=\"{&quot;background_background&quot;:&quot;classic&quot;}\">\n\t\t\t<div class=\"elementor-widget-wrap elementor-element-populated\">\n\t\t\t\t\t\t\t\t<section class=\"elementor-section elementor-inner-section elementor-element elementor-element-44ac711 elementor-section-boxed elementor-section-height-default elementor-section-height-default\" data-id=\"44ac711\" data-element_type=\"section\">\n\t\t\t\t\t\t<div class=\"elementor-container elementor-column-gap-default\">\n\t\t\t\t\t<div class=\"elementor-column elementor-col-100 elementor-inner-column elementor-element elementor-element-772d0d1\" data-id=\"772d0d1\" data-element_type=\"column\">\n\t\t\t<div class=\"elementor-widget-wrap elementor-element-populated\">\n\t\t\t\t\t\t\t\t<div class=\"elementor-element elementor-element-59edf0d elementor-widget elementor-widget-heading\" data-id=\"59edf0d\" data-element_type=\"widget\" data-widget_type=\"heading.default\">\n\t\t\t\t<div class=\"elementor-widget-container\">\n\t\t\t<style>\/*! elementor - v3.10.1 - 17-01-2023 *\/\n.elementor-heading-title{padding:0;margin:0;line-height:1}.elementor-widget-heading .elementor-heading-title[class*=elementor-size-]>a{color:inherit;font-size:inherit;line-height:inherit}.elementor-widget-heading .elementor-heading-title.elementor-size-small{font-size:15px}.elementor-widget-heading .elementor-heading-title.elementor-size-medium{font-size:19px}.elementor-widget-heading .elementor-heading-title.elementor-size-large{font-size:29px}.elementor-widget-heading .elementor-heading-title.elementor-size-xl{font-size:39px}.elementor-widget-heading .elementor-heading-title.elementor-size-xxl{font-size:59px}<\/style><h1 class=\"elementor-heading-title elementor-size-default\">Na\u0161i \u010dlanovi<\/h1>\t\t<\/div>\n\t\t\t\t<\/div>\n\t\t\t\t\t<\/div>\n\t\t<\/div>\n\t\t\t\t\t\t\t<\/div>\n\t\t<\/section>\n\t\t\t\t\t<\/div>\n\t\t<\/div>\n\t\t\t\t\t\t\t<\/div>\n\t\t<\/section>\n\t\t\t\t<section class=\"elementor-section elementor-top-section elementor-element elementor-element-3f67962 elementor-section-boxed elementor-section-height-default elementor-section-height-default\" data-id=\"3f67962\" data-element_type=\"section\">\n\t\t\t\t\t\t<div class=\"elementor-container elementor-column-gap-default\">\n\t\t\t\t\t<div class=\"elementor-column elementor-col-100 elementor-top-column elementor-element elementor-element-c9a5d2e\" data-id=\"c9a5d2e\" data-element_type=\"column\">\n\t\t\t<div class=\"elementor-widget-wrap elementor-element-populated\">\n\t\t\t\t\t\t\t\t<div class=\"elementor-element elementor-element-c9b287f elementor-widget elementor-widget-text-editor\" data-id=\"c9b287f\" data-element_type=\"widget\" data-widget_type=\"text-editor.default\">\n\t\t\t\t<div class=\"elementor-widget-container\">\n\t\t\t<style>\/*! elementor - v3.10.1 - 17-01-2023 *\/\n.elementor-widget-text-editor.elementor-drop-cap-view-stacked .elementor-drop-cap{background-color:#818a91;color:#fff}.elementor-widget-text-editor.elementor-drop-cap-view-framed .elementor-drop-cap{color:#818a91;border:3px solid;background-color:transparent}.elementor-widget-text-editor:not(.elementor-drop-cap-view-default) .elementor-drop-cap{margin-top:8px}.elementor-widget-text-editor:not(.elementor-drop-cap-view-default) .elementor-drop-cap-letter{width:1em;height:1em}.elementor-widget-text-editor .elementor-drop-cap{float:left;text-align:center;line-height:1;font-size:50px}.elementor-widget-text-editor .elementor-drop-cap-letter{display:inline-block}<\/style>\t\t\t\t<p><b>Intelektualne te\u0161ko\u0107e<\/b> su slo\u017eena pojava stanja djeteta odnosno osobe, \u0161to je te\u0161ko jedinstveno odrediti jer sadr\u017ei medicinske, psiholo\u0161ke, pedago\u0161ke i socijalne odrednice. Naime, nema jedne zadovoljavaju\u0107e definicije koja bi izrazila svu njezinu slo\u017eenost.<br \/>Podru\u010dja adaptivnih vje\u0161tina su: komunikacija, briga o sebi, stanovanje, socijalne vje\u0161tine, samousmjeravanje, zdravlje i sigurnost, funkcionalna akademska znanja, slobodno vrijeme i rad.\u201c<br \/><br \/><\/p><p>\u2022 <b>Lake intelektualne te\u0161ko\u0107e<\/b> \u2013 pribli\u017eni kvocijent inteligencije prote\u017ee se izme\u0111u 50 i 69, \u0161to odgovara mentalnoj dobi od 9 do 12 godina. Obuhva\u0107a neke te\u0161ko\u0107e pri u\u010denju, dok su mnogi odrasli s tim stupnjem intelektualne te\u0161ko\u0107e sposobni za rad i ostvarivanje socijalnih kontakata.<\/p><p><br \/>\u2022 <b>Umjerene intelektualne te\u0161ko\u0107e<\/b> \u2013 pribli\u017eni kvocijent inteligencije prote\u017ee se izme\u0111u 35 i 49, \u0161to odgovara mentalnoj dobi od 6 do 9 godina. Mogu\u0107 je odre\u0111en stupanj nezavisnosti, uklju\u010duju\u0107i komuniciranje, u\u010denje i brigu o sebi, odrasle osobe s tim stupnjem intelektualne te\u0161ko\u0107e trebaju razne oblike potpore za \u017eivot i rad.<\/p><p><br \/>\u2022 <b>Te\u0161ke (te\u017ee) intelektualne te\u0161ko\u0107e<\/b> \u2013 pribli\u017eni kvocijent inteligencije prote\u017ee se izme\u0111u 20 i 34, \u0161to odgovara mentalnoj dobi od 3 do 6 godina. Potrebna kontinuirana pomo\u0107 okoline.<\/p><p><br \/>\u2022 <b>Duboke (te\u0161ke) intelektualne te\u0161ko\u0107e<\/b> \u2013 pribli\u017eni kvocijent inteligencije je ispod 20, \u0161to odgovara mentalnoj dobi ispod 3 godine. Potrebna stalna pomo\u0107 i njega, ozbiljna ograni\u010denja u komunikaciji i pokretljivosti.<\/p><p><br \/>Udruga okuplja korisnike sa svim oblicima navedenih intelektualnih te\u0161ko\u0107a. Korisnici su osobe s intelektualnim te\u0161ko\u0107ama koje su navr\u0161ile 21 godinu \u017eivota i kojima je zavr\u0161ilo \u0161kolovanje, ostaju sami kod ku\u0107e, a treba im podr\u0161ka u okviru organiziranog dnevnog boravka, roditelji im rade, a nemogu ostati sami kod ku\u0107e. Prema dijagnozama u udrugu dolazi -8 osoba s Down SY, 1 osoba iz poreme\u0107aja Autisti\u010dnog spektra, 2 osobe s intelektualnim te\u0161ko\u0107ama i pridru\u017eenim psihi\u010dkim smetnjama, od kojih je jedna s dijabetesom, 1 s lakim intelektualnim te\u0161ko\u0107ama sa slabovidno\u0161\u0107u, 1 gluhonijema osoba s lakim intelektualnim te\u0161ko\u0107ama, 15 osoba s umjerenim intelektualnim te\u0161ko\u0107ama i 13 s lakim intelektualnim te\u0161ko\u0107ama.<\/p>\t\t\t\t\t\t<\/div>\n\t\t\t\t<\/div>\n\t\t\t\t\t<\/div>\n\t\t<\/div>\n\t\t\t\t\t\t\t<\/div>\n\t\t<\/section>\n\t\t\t\t\t\t\t<\/div>\n\t\t","protected":false},"excerpt":{"rendered":"<p>Na\u0161i \u010dlanovi Intelektualne te\u0161ko\u0107e su slo\u017eena pojava stanja djeteta odnosno osobe, \u0161to je te\u0161ko jedinstveno odrediti jer sadr\u017ei medicinske, psiholo\u0161ke, pedago\u0161ke i socijalne odrednice. Naime, nema jedne zadovoljavaju\u0107e definicije koja bi izrazila svu njezinu slo\u017eenost.Podru\u010dja adaptivnih vje\u0161tina su: komunikacija, briga o sebi, stanovanje, socijalne vje\u0161tine, samousmjeravanje, zdravlje i sigurnost, funkcionalna akademska znanja, slobodno vrijeme i [&hellip;]<\/p>\n","protected":false},"author":123458,"featured_media":0,"parent":0,"menu_order":0,"comment_status":"closed","ping_status":"closed","template":"","meta":[],"yoast_head":"<!-- This site is optimized with the Yoast SEO plugin v19.14 - https:\/\/yoast.com\/wordpress\/plugins\/seo\/ -->\n<title>Na\u0161i \u010dlanovi - Rego\u010d<\/title>\n<meta name=\"robots\" content=\"index, follow, max-snippet:-1, max-image-preview:large, max-video-preview:-1\" \/>\n<link rel=\"canonical\" href=\"https:\/\/regoc.test-astral.xyz\/index.php\/nasi-clanovi\/\" \/>\n<meta property=\"og:locale\" content=\"en_US\" \/>\n<meta property=\"og:type\" content=\"article\" \/>\n<meta property=\"og:title\" content=\"Na\u0161i \u010dlanovi - Rego\u010d\" \/>\n<meta property=\"og:description\" content=\"Na\u0161i \u010dlanovi Intelektualne te\u0161ko\u0107e su slo\u017eena pojava stanja djeteta odnosno osobe, \u0161to je te\u0161ko jedinstveno odrediti jer sadr\u017ei medicinske, psiholo\u0161ke, pedago\u0161ke i socijalne odrednice. Naime, nema jedne zadovoljavaju\u0107e definicije koja bi izrazila svu njezinu slo\u017eenost.Podru\u010dja adaptivnih vje\u0161tina su: komunikacija, briga o sebi, stanovanje, socijalne vje\u0161tine, samousmjeravanje, zdravlje i sigurnost, funkcionalna akademska znanja, slobodno vrijeme i [&hellip;]\" \/>\n<meta property=\"og:url\" content=\"https:\/\/regoc.test-astral.xyz\/index.php\/nasi-clanovi\/\" \/>\n<meta property=\"og:site_name\" content=\"Rego\u010d\" \/>\n<meta property=\"article:modified_time\" content=\"2023-02-06T13:33:38+00:00\" \/>\n<meta name=\"twitter:card\" content=\"summary_large_image\" \/>\n<meta name=\"twitter:label1\" content=\"Est. reading time\" \/>\n\t<meta name=\"twitter:data1\" content=\"2 minutes\" \/>\n<script type=\"application\/ld+json\" class=\"yoast-schema-graph\">{\"@context\":\"https:\/\/schema.org\",\"@graph\":[{\"@type\":\"WebPage\",\"@id\":\"https:\/\/regoc.test-astral.xyz\/index.php\/nasi-clanovi\/\",\"url\":\"https:\/\/regoc.test-astral.xyz\/index.php\/nasi-clanovi\/\",\"name\":\"Na\u0161i \u010dlanovi - Rego\u010d\",\"isPartOf\":{\"@id\":\"https:\/\/regoc.test-astral.xyz\/#website\"},\"datePublished\":\"2023-02-03T13:17:00+00:00\",\"dateModified\":\"2023-02-06T13:33:38+00:00\",\"breadcrumb\":{\"@id\":\"https:\/\/regoc.test-astral.xyz\/index.php\/nasi-clanovi\/#breadcrumb\"},\"inLanguage\":\"en-US\",\"potentialAction\":[{\"@type\":\"ReadAction\",\"target\":[\"https:\/\/regoc.test-astral.xyz\/index.php\/nasi-clanovi\/\"]}]},{\"@type\":\"BreadcrumbList\",\"@id\":\"https:\/\/regoc.test-astral.xyz\/index.php\/nasi-clanovi\/#breadcrumb\",\"itemListElement\":[{\"@type\":\"ListItem\",\"position\":1,\"name\":\"Home\",\"item\":\"https:\/\/regoc.test-astral.xyz\/\"},{\"@type\":\"ListItem\",\"position\":2,\"name\":\"Na\u0161i \u010dlanovi\"}]},{\"@type\":\"WebSite\",\"@id\":\"https:\/\/regoc.test-astral.xyz\/#website\",\"url\":\"https:\/\/regoc.test-astral.xyz\/\",\"name\":\"Rego\u010d\",\"description\":\"Udruga osoba s intelektualnim te\u0161ko\u0107ama\",\"potentialAction\":[{\"@type\":\"SearchAction\",\"target\":{\"@type\":\"EntryPoint\",\"urlTemplate\":\"https:\/\/regoc.test-astral.xyz\/?s={search_term_string}\"},\"query-input\":\"required name=search_term_string\"}],\"inLanguage\":\"en-US\"}]}<\/script>\n<!-- \/ Yoast SEO plugin. -->","yoast_head_json":{"title":"Na\u0161i \u010dlanovi - Rego\u010d","robots":{"index":"index","follow":"follow","max-snippet":"max-snippet:-1","max-image-preview":"max-image-preview:large","max-video-preview":"max-video-preview:-1"},"canonical":"https:\/\/regoc.test-astral.xyz\/index.php\/nasi-clanovi\/","og_locale":"en_US","og_type":"article","og_title":"Na\u0161i \u010dlanovi - Rego\u010d","og_description":"Na\u0161i \u010dlanovi Intelektualne te\u0161ko\u0107e su slo\u017eena pojava stanja djeteta odnosno osobe, \u0161to je te\u0161ko jedinstveno odrediti jer sadr\u017ei medicinske, psiholo\u0161ke, pedago\u0161ke i socijalne odrednice. Naime, nema jedne zadovoljavaju\u0107e definicije koja bi izrazila svu njezinu slo\u017eenost.Podru\u010dja adaptivnih vje\u0161tina su: komunikacija, briga o sebi, stanovanje, socijalne vje\u0161tine, samousmjeravanje, zdravlje i sigurnost, funkcionalna akademska znanja, slobodno vrijeme i [&hellip;]","og_url":"https:\/\/regoc.test-astral.xyz\/index.php\/nasi-clanovi\/","og_site_name":"Rego\u010d","article_modified_time":"2023-02-06T13:33:38+00:00","twitter_card":"summary_large_image","twitter_misc":{"Est. reading time":"2 minutes"},"schema":{"@context":"https:\/\/schema.org","@graph":[{"@type":"WebPage","@id":"https:\/\/regoc.test-astral.xyz\/index.php\/nasi-clanovi\/","url":"https:\/\/regoc.test-astral.xyz\/index.php\/nasi-clanovi\/","name":"Na\u0161i \u010dlanovi - Rego\u010d","isPartOf":{"@id":"https:\/\/regoc.test-astral.xyz\/#website"},"datePublished":"2023-02-03T13:17:00+00:00","dateModified":"2023-02-06T13:33:38+00:00","breadcrumb":{"@id":"https:\/\/regoc.test-astral.xyz\/index.php\/nasi-clanovi\/#breadcrumb"},"inLanguage":"en-US","potentialAction":[{"@type":"ReadAction","target":["https:\/\/regoc.test-astral.xyz\/index.php\/nasi-clanovi\/"]}]},{"@type":"BreadcrumbList","@id":"https:\/\/regoc.test-astral.xyz\/index.php\/nasi-clanovi\/#breadcrumb","itemListElement":[{"@type":"ListItem","position":1,"name":"Home","item":"https:\/\/regoc.test-astral.xyz\/"},{"@type":"ListItem","position":2,"name":"Na\u0161i \u010dlanovi"}]},{"@type":"WebSite","@id":"https:\/\/regoc.test-astral.xyz\/#website","url":"https:\/\/regoc.test-astral.xyz\/","name":"Rego\u010d","description":"Udruga osoba s intelektualnim te\u0161ko\u0107ama","potentialAction":[{"@type":"SearchAction","target":{"@type":"EntryPoint","urlTemplate":"https:\/\/regoc.test-astral.xyz\/?s={search_term_string}"},"query-input":"required name=search_term_string"}],"inLanguage":"en-US"}]}},"_links":{"self":[{"href":"https:\/\/regoc.test-astral.xyz\/index.php\/wp-json\/wp\/v2\/pages\/12082"}],"collection":[{"href":"https:\/\/regoc.test-astral.xyz\/index.php\/wp-json\/wp\/v2\/pages"}],"about":[{"href":"https:\/\/regoc.test-astral.xyz\/index.php\/wp-json\/wp\/v2\/types\/page"}],"author":[{"embeddable":true,"href":"https:\/\/regoc.test-astral.xyz\/index.php\/wp-json\/wp\/v2\/users\/123458"}],"replies":[{"embeddable":true,"href":"https:\/\/regoc.test-astral.xyz\/index.php\/wp-json\/wp\/v2\/comments?post=12082"}],"version-history":[{"count":31,"href":"https:\/\/regoc.test-astral.xyz\/index.php\/wp-json\/wp\/v2\/pages\/12082\/revisions"}],"predecessor-version":[{"id":12574,"href":"https:\/\/regoc.test-astral.xyz\/index.php\/wp-json\/wp\/v2\/pages\/12082\/revisions\/12574"}],"wp:attachment":[{"href":"https:\/\/regoc.test-astral.xyz\/index.php\/wp-json\/wp\/v2\/media?parent=12082"}],"curies":[{"name":"wp","href":"https:\/\/api.w.org\/{rel}","templated":true}]}}