{"id":12095,"date":"2023-02-03T13:25:27","date_gmt":"2023-02-03T13:25:27","guid":{"rendered":"https:\/\/regoc.test-astral.xyz\/?page_id=12095"},"modified":"2023-02-06T13:41:03","modified_gmt":"2023-02-06T13:41:03","slug":"udruga-u-lokalnim-medijima","status":"publish","type":"page","link":"https:\/\/regoc.test-astral.xyz\/index.php\/udruga-u-lokalnim-medijima\/","title":{"rendered":"Udruga u lokalnim medijima"},"content":{"rendered":"\t\t<div data-elementor-type=\"wp-page\" data-elementor-id=\"12095\" class=\"elementor elementor-12095\">\n\t\t\t\t\t\t\t\t\t<section class=\"elementor-section elementor-top-section elementor-element elementor-element-c5db9c0 elementor-section-full_width elementor-section-height-default elementor-section-height-default\" data-id=\"c5db9c0\" data-element_type=\"section\" data-settings=\"{&quot;background_background&quot;:&quot;classic&quot;}\">\n\t\t\t\t\t\t<div class=\"elementor-container elementor-column-gap-default\">\n\t\t\t\t\t<div class=\"elementor-column elementor-col-100 elementor-top-column elementor-element elementor-element-1068aea\" data-id=\"1068aea\" data-element_type=\"column\" data-settings=\"{&quot;background_background&quot;:&quot;classic&quot;}\">\n\t\t\t<div class=\"elementor-widget-wrap elementor-element-populated\">\n\t\t\t\t\t\t\t\t<section class=\"elementor-section elementor-inner-section elementor-element elementor-element-865f24a elementor-section-boxed elementor-section-height-default elementor-section-height-default\" data-id=\"865f24a\" data-element_type=\"section\">\n\t\t\t\t\t\t<div class=\"elementor-container elementor-column-gap-default\">\n\t\t\t\t\t<div class=\"elementor-column elementor-col-100 elementor-inner-column elementor-element elementor-element-0c481f3\" data-id=\"0c481f3\" data-element_type=\"column\">\n\t\t\t<div class=\"elementor-widget-wrap elementor-element-populated\">\n\t\t\t\t\t\t\t\t<div class=\"elementor-element elementor-element-2f1ef94 elementor-widget elementor-widget-heading\" data-id=\"2f1ef94\" data-element_type=\"widget\" data-widget_type=\"heading.default\">\n\t\t\t\t<div class=\"elementor-widget-container\">\n\t\t\t<style>\/*! elementor - v3.10.1 - 17-01-2023 *\/\n.elementor-heading-title{padding:0;margin:0;line-height:1}.elementor-widget-heading .elementor-heading-title[class*=elementor-size-]>a{color:inherit;font-size:inherit;line-height:inherit}.elementor-widget-heading .elementor-heading-title.elementor-size-small{font-size:15px}.elementor-widget-heading .elementor-heading-title.elementor-size-medium{font-size:19px}.elementor-widget-heading .elementor-heading-title.elementor-size-large{font-size:29px}.elementor-widget-heading .elementor-heading-title.elementor-size-xl{font-size:39px}.elementor-widget-heading .elementor-heading-title.elementor-size-xxl{font-size:59px}<\/style><h1 class=\"elementor-heading-title elementor-size-default\">Udruga u lokalnim medijima<\/h1>\t\t<\/div>\n\t\t\t\t<\/div>\n\t\t\t\t\t<\/div>\n\t\t<\/div>\n\t\t\t\t\t\t\t<\/div>\n\t\t<\/section>\n\t\t\t\t\t<\/div>\n\t\t<\/div>\n\t\t\t\t\t\t\t<\/div>\n\t\t<\/section>\n\t\t\t\t<section class=\"elementor-section elementor-top-section elementor-element elementor-element-b651486 elementor-section-boxed elementor-section-height-default elementor-section-height-default\" data-id=\"b651486\" data-element_type=\"section\">\n\t\t\t\t\t\t<div class=\"elementor-container elementor-column-gap-default\">\n\t\t\t\t\t<div class=\"elementor-column elementor-col-100 elementor-top-column elementor-element elementor-element-64bc9b5\" data-id=\"64bc9b5\" data-element_type=\"column\">\n\t\t\t<div class=\"elementor-widget-wrap elementor-element-populated\">\n\t\t\t\t\t\t\t\t<div class=\"elementor-element elementor-element-c1e3d3b gallery-spacing-custom elementor-widget elementor-widget-image-gallery\" data-id=\"c1e3d3b\" data-element_type=\"widget\" data-widget_type=\"image-gallery.default\">\n\t\t\t\t<div class=\"elementor-widget-container\">\n\t\t\t<style>\/*! elementor - v3.10.1 - 17-01-2023 *\/\n.elementor-image-gallery .gallery-item{display:inline-block;text-align:center;vertical-align:top;width:100%;max-width:100%;margin:0 auto}.elementor-image-gallery .gallery-item img{margin:0 auto}.elementor-image-gallery .gallery-item .gallery-caption{margin:0}.elementor-image-gallery figure img{display:block}.elementor-image-gallery figure figcaption{width:100%}.gallery-spacing-custom .elementor-image-gallery .gallery-icon{padding:0}@media (min-width:768px){.elementor-image-gallery .gallery-columns-2 .gallery-item{max-width:50%}.elementor-image-gallery .gallery-columns-3 .gallery-item{max-width:33.33%}.elementor-image-gallery .gallery-columns-4 .gallery-item{max-width:25%}.elementor-image-gallery .gallery-columns-5 .gallery-item{max-width:20%}.elementor-image-gallery .gallery-columns-6 .gallery-item{max-width:16.666%}.elementor-image-gallery .gallery-columns-7 .gallery-item{max-width:14.28%}.elementor-image-gallery .gallery-columns-8 .gallery-item{max-width:12.5%}.elementor-image-gallery .gallery-columns-9 .gallery-item{max-width:11.11%}.elementor-image-gallery .gallery-columns-10 .gallery-item{max-width:10%}}@media (min-width:480px) and (max-width:767px){.elementor-image-gallery .gallery.gallery-columns-2 .gallery-item,.elementor-image-gallery .gallery.gallery-columns-3 .gallery-item,.elementor-image-gallery .gallery.gallery-columns-4 .gallery-item,.elementor-image-gallery .gallery.gallery-columns-5 .gallery-item,.elementor-image-gallery .gallery.gallery-columns-6 .gallery-item,.elementor-image-gallery .gallery.gallery-columns-7 .gallery-item,.elementor-image-gallery .gallery.gallery-columns-8 .gallery-item,.elementor-image-gallery .gallery.gallery-columns-9 .gallery-item,.elementor-image-gallery .gallery.gallery-columns-10 .gallery-item{max-width:50%}}@media (max-width:479px){.elementor-image-gallery .gallery.gallery-columns-2 .gallery-item,.elementor-image-gallery .gallery.gallery-columns-3 .gallery-item,.elementor-image-gallery .gallery.gallery-columns-4 .gallery-item,.elementor-image-gallery .gallery.gallery-columns-5 .gallery-item,.elementor-image-gallery .gallery.gallery-columns-6 .gallery-item,.elementor-image-gallery .gallery.gallery-columns-7 .gallery-item,.elementor-image-gallery .gallery.gallery-columns-8 .gallery-item,.elementor-image-gallery .gallery.gallery-columns-9 .gallery-item,.elementor-image-gallery .gallery.gallery-columns-10 .gallery-item{max-width:100%}}<\/style>\t\t<div class=\"elementor-image-gallery\">\n\t\t\t<div id='gallery-1' class='gallery galleryid-12095 gallery-columns-5 gallery-size-thumbnail'><figure class='gallery-item'>\n\t\t\t<div class='gallery-icon portrait'>\n\t\t\t\t<a data-elementor-open-lightbox=\"yes\" data-elementor-lightbox-slideshow=\"c1e3d3b\" data-elementor-lightbox-title=\"03prosinca2010dobrodjelonaseposte\" e-action-hash=\"#elementor-action%3Aaction%3Dlightbox%26settings%3DeyJpZCI6MTIwOTcsInVybCI6Imh0dHBzOlwvXC9yZWdvYy50ZXN0LWFzdHJhbC54eXpcL3dwLWNvbnRlbnRcL3VwbG9hZHNcLzIwMjNcLzAyXC8wM3Byb3NpbmNhMjAxMGRvYnJvZGplbG9uYXNlcG9zdGUud2VicCIsInNsaWRlc2hvdyI6ImMxZTNkM2IifQ%3D%3D\" href='https:\/\/regoc.test-astral.xyz\/wp-content\/uploads\/2023\/02\/03prosinca2010dobrodjelonaseposte.webp'><img width=\"150\" height=\"150\" src=\"https:\/\/regoc.test-astral.xyz\/wp-content\/uploads\/2023\/02\/03prosinca2010dobrodjelonaseposte-150x150.webp\" class=\"attachment-thumbnail size-thumbnail\" alt=\"\" decoding=\"async\" loading=\"lazy\" \/><\/a>\n\t\t\t<\/div><\/figure><figure class='gallery-item'>\n\t\t\t<div class='gallery-icon portrait'>\n\t\t\t\t<a data-elementor-open-lightbox=\"yes\" data-elementor-lightbox-slideshow=\"c1e3d3b\" data-elementor-lightbox-title=\"03prosinca2010zupanijskopartnerstvozarazvoj\" e-action-hash=\"#elementor-action%3Aaction%3Dlightbox%26settings%3DeyJpZCI6MTIwOTgsInVybCI6Imh0dHBzOlwvXC9yZWdvYy50ZXN0LWFzdHJhbC54eXpcL3dwLWNvbnRlbnRcL3VwbG9hZHNcLzIwMjNcLzAyXC8wM3Byb3NpbmNhMjAxMHp1cGFuaWpza29wYXJ0bmVyc3R2b3phcmF6dm9qLndlYnAiLCJzbGlkZXNob3ciOiJjMWUzZDNiIn0%3D\" href='https:\/\/regoc.test-astral.xyz\/wp-content\/uploads\/2023\/02\/03prosinca2010zupanijskopartnerstvozarazvoj.webp'><img width=\"150\" height=\"150\" src=\"https:\/\/regoc.test-astral.xyz\/wp-content\/uploads\/2023\/02\/03prosinca2010zupanijskopartnerstvozarazvoj-150x150.webp\" class=\"attachment-thumbnail size-thumbnail\" alt=\"\" decoding=\"async\" loading=\"lazy\" \/><\/a>\n\t\t\t<\/div><\/figure><figure class='gallery-item'>\n\t\t\t<div class='gallery-icon landscape'>\n\t\t\t\t<a data-elementor-open-lightbox=\"yes\" data-elementor-lightbox-slideshow=\"c1e3d3b\" data-elementor-lightbox-title=\"24prosinca2010izlozbabozicnihjaslicaugradskojknjiznici-Copy\" e-action-hash=\"#elementor-action%3Aaction%3Dlightbox%26settings%3DeyJpZCI6MTIxMDEsInVybCI6Imh0dHBzOlwvXC9yZWdvYy50ZXN0LWFzdHJhbC54eXpcL3dwLWNvbnRlbnRcL3VwbG9hZHNcLzIwMjNcLzAyXC8yNHByb3NpbmNhMjAxMGl6bG96YmFib3ppY25paGphc2xpY2F1Z3JhZHNrb2prbmppem5pY2ktQ29weS53ZWJwIiwic2xpZGVzaG93IjoiYzFlM2QzYiJ9\" href='https:\/\/regoc.test-astral.xyz\/wp-content\/uploads\/2023\/02\/24prosinca2010izlozbabozicnihjaslicaugradskojknjiznici-Copy.webp'><img width=\"150\" height=\"150\" src=\"https:\/\/regoc.test-astral.xyz\/wp-content\/uploads\/2023\/02\/24prosinca2010izlozbabozicnihjaslicaugradskojknjiznici-Copy-150x150.webp\" class=\"attachment-thumbnail size-thumbnail\" alt=\"\" decoding=\"async\" loading=\"lazy\" \/><\/a>\n\t\t\t<\/div><\/figure><figure class='gallery-item'>\n\t\t\t<div class='gallery-icon landscape'>\n\t\t\t\t<a data-elementor-open-lightbox=\"yes\" data-elementor-lightbox-slideshow=\"c1e3d3b\" data-elementor-lightbox-title=\"10prosinc2010muzejskaedukativnaradionica\" e-action-hash=\"#elementor-action%3Aaction%3Dlightbox%26settings%3DeyJpZCI6MTIwOTksInVybCI6Imh0dHBzOlwvXC9yZWdvYy50ZXN0LWFzdHJhbC54eXpcL3dwLWNvbnRlbnRcL3VwbG9hZHNcLzIwMjNcLzAyXC8xMHByb3NpbmMyMDEwbXV6ZWpza2FlZHVrYXRpdm5hcmFkaW9uaWNhLndlYnAiLCJzbGlkZXNob3ciOiJjMWUzZDNiIn0%3D\" href='https:\/\/regoc.test-astral.xyz\/wp-content\/uploads\/2023\/02\/10prosinc2010muzejskaedukativnaradionica.webp'><img width=\"150\" height=\"150\" src=\"https:\/\/regoc.test-astral.xyz\/wp-content\/uploads\/2023\/02\/10prosinc2010muzejskaedukativnaradionica-150x150.webp\" class=\"attachment-thumbnail size-thumbnail\" alt=\"\" decoding=\"async\" loading=\"lazy\" \/><\/a>\n\t\t\t<\/div><\/figure><figure class='gallery-item'>\n\t\t\t<div class='gallery-icon portrait'>\n\t\t\t\t<a data-elementor-open-lightbox=\"yes\" data-elementor-lightbox-slideshow=\"c1e3d3b\" data-elementor-lightbox-title=\"10prosinca2010medunarodnidanosobasinvaliditetom\" e-action-hash=\"#elementor-action%3Aaction%3Dlightbox%26settings%3DeyJpZCI6MTIxMDAsInVybCI6Imh0dHBzOlwvXC9yZWdvYy50ZXN0LWFzdHJhbC54eXpcL3dwLWNvbnRlbnRcL3VwbG9hZHNcLzIwMjNcLzAyXC8xMHByb3NpbmNhMjAxMG1lZHVuYXJvZG5pZGFub3NvYmFzaW52YWxpZGl0ZXRvbS53ZWJwIiwic2xpZGVzaG93IjoiYzFlM2QzYiJ9\" href='https:\/\/regoc.test-astral.xyz\/wp-content\/uploads\/2023\/02\/10prosinca2010medunarodnidanosobasinvaliditetom.webp'><img width=\"150\" height=\"150\" src=\"https:\/\/regoc.test-astral.xyz\/wp-content\/uploads\/2023\/02\/10prosinca2010medunarodnidanosobasinvaliditetom-150x150.webp\" class=\"attachment-thumbnail size-thumbnail\" alt=\"\" decoding=\"async\" loading=\"lazy\" \/><\/a>\n\t\t\t<\/div><\/figure>\n\t\t<\/div>\n\t\t<\/div>\n\t\t\t\t<\/div>\n\t\t\t\t<\/div>\n\t\t\t\t\t<\/div>\n\t\t<\/div>\n\t\t\t\t\t\t\t<\/div>\n\t\t<\/section>\n\t\t\t\t\t\t\t<\/div>\n\t\t","protected":false},"excerpt":{"rendered":"<p>Udruga u lokalnim medijima<\/p>\n","protected":false},"author":123458,"featured_media":0,"parent":0,"menu_order":0,"comment_status":"closed","ping_status":"closed","template":"","meta":[],"yoast_head":"<!-- This site is optimized with the Yoast SEO plugin v19.14 - https:\/\/yoast.com\/wordpress\/plugins\/seo\/ -->\n<title>Udruga u lokalnim medijima - Rego\u010d<\/title>\n<meta name=\"robots\" content=\"index, follow, max-snippet:-1, max-image-preview:large, max-video-preview:-1\" \/>\n<link rel=\"canonical\" href=\"https:\/\/regoc.test-astral.xyz\/index.php\/udruga-u-lokalnim-medijima\/\" \/>\n<meta property=\"og:locale\" content=\"en_US\" \/>\n<meta property=\"og:type\" content=\"article\" \/>\n<meta property=\"og:title\" content=\"Udruga u lokalnim medijima - Rego\u010d\" \/>\n<meta property=\"og:description\" content=\"Udruga u lokalnim medijima\" \/>\n<meta property=\"og:url\" content=\"https:\/\/regoc.test-astral.xyz\/index.php\/udruga-u-lokalnim-medijima\/\" \/>\n<meta property=\"og:site_name\" content=\"Rego\u010d\" \/>\n<meta property=\"article:modified_time\" content=\"2023-02-06T13:41:03+00:00\" \/>\n<meta property=\"og:image\" content=\"https:\/\/regoc.test-astral.xyz\/wp-content\/uploads\/2023\/02\/03prosinca2010dobrodjelonaseposte-150x150.webp\" \/>\n<meta name=\"twitter:card\" content=\"summary_large_image\" \/>\n<meta name=\"twitter:label1\" content=\"Est. reading time\" \/>\n\t<meta name=\"twitter:data1\" content=\"2 minutes\" \/>\n<script type=\"application\/ld+json\" class=\"yoast-schema-graph\">{\"@context\":\"https:\/\/schema.org\",\"@graph\":[{\"@type\":\"WebPage\",\"@id\":\"https:\/\/regoc.test-astral.xyz\/index.php\/udruga-u-lokalnim-medijima\/\",\"url\":\"https:\/\/regoc.test-astral.xyz\/index.php\/udruga-u-lokalnim-medijima\/\",\"name\":\"Udruga u lokalnim medijima - Rego\u010d\",\"isPartOf\":{\"@id\":\"https:\/\/regoc.test-astral.xyz\/#website\"},\"datePublished\":\"2023-02-03T13:25:27+00:00\",\"dateModified\":\"2023-02-06T13:41:03+00:00\",\"breadcrumb\":{\"@id\":\"https:\/\/regoc.test-astral.xyz\/index.php\/udruga-u-lokalnim-medijima\/#breadcrumb\"},\"inLanguage\":\"en-US\",\"potentialAction\":[{\"@type\":\"ReadAction\",\"target\":[\"https:\/\/regoc.test-astral.xyz\/index.php\/udruga-u-lokalnim-medijima\/\"]}]},{\"@type\":\"BreadcrumbList\",\"@id\":\"https:\/\/regoc.test-astral.xyz\/index.php\/udruga-u-lokalnim-medijima\/#breadcrumb\",\"itemListElement\":[{\"@type\":\"ListItem\",\"position\":1,\"name\":\"Home\",\"item\":\"https:\/\/regoc.test-astral.xyz\/\"},{\"@type\":\"ListItem\",\"position\":2,\"name\":\"Udruga u lokalnim medijima\"}]},{\"@type\":\"WebSite\",\"@id\":\"https:\/\/regoc.test-astral.xyz\/#website\",\"url\":\"https:\/\/regoc.test-astral.xyz\/\",\"name\":\"Rego\u010d\",\"description\":\"Udruga osoba s intelektualnim te\u0161ko\u0107ama\",\"potentialAction\":[{\"@type\":\"SearchAction\",\"target\":{\"@type\":\"EntryPoint\",\"urlTemplate\":\"https:\/\/regoc.test-astral.xyz\/?s={search_term_string}\"},\"query-input\":\"required name=search_term_string\"}],\"inLanguage\":\"en-US\"}]}<\/script>\n<!-- \/ Yoast SEO plugin. -->","yoast_head_json":{"title":"Udruga u lokalnim medijima - Rego\u010d","robots":{"index":"index","follow":"follow","max-snippet":"max-snippet:-1","max-image-preview":"max-image-preview:large","max-video-preview":"max-video-preview:-1"},"canonical":"https:\/\/regoc.test-astral.xyz\/index.php\/udruga-u-lokalnim-medijima\/","og_locale":"en_US","og_type":"article","og_title":"Udruga u lokalnim medijima - Rego\u010d","og_description":"Udruga u lokalnim medijima","og_url":"https:\/\/regoc.test-astral.xyz\/index.php\/udruga-u-lokalnim-medijima\/","og_site_name":"Rego\u010d","article_modified_time":"2023-02-06T13:41:03+00:00","og_image":[{"url":"https:\/\/regoc.test-astral.xyz\/wp-content\/uploads\/2023\/02\/03prosinca2010dobrodjelonaseposte-150x150.webp"}],"twitter_card":"summary_large_image","twitter_misc":{"Est. reading time":"2 minutes"},"schema":{"@context":"https:\/\/schema.org","@graph":[{"@type":"WebPage","@id":"https:\/\/regoc.test-astral.xyz\/index.php\/udruga-u-lokalnim-medijima\/","url":"https:\/\/regoc.test-astral.xyz\/index.php\/udruga-u-lokalnim-medijima\/","name":"Udruga u lokalnim medijima - Rego\u010d","isPartOf":{"@id":"https:\/\/regoc.test-astral.xyz\/#website"},"datePublished":"2023-02-03T13:25:27+00:00","dateModified":"2023-02-06T13:41:03+00:00","breadcrumb":{"@id":"https:\/\/regoc.test-astral.xyz\/index.php\/udruga-u-lokalnim-medijima\/#breadcrumb"},"inLanguage":"en-US","potentialAction":[{"@type":"ReadAction","target":["https:\/\/regoc.test-astral.xyz\/index.php\/udruga-u-lokalnim-medijima\/"]}]},{"@type":"BreadcrumbList","@id":"https:\/\/regoc.test-astral.xyz\/index.php\/udruga-u-lokalnim-medijima\/#breadcrumb","itemListElement":[{"@type":"ListItem","position":1,"name":"Home","item":"https:\/\/regoc.test-astral.xyz\/"},{"@type":"ListItem","position":2,"name":"Udruga u lokalnim medijima"}]},{"@type":"WebSite","@id":"https:\/\/regoc.test-astral.xyz\/#website","url":"https:\/\/regoc.test-astral.xyz\/","name":"Rego\u010d","description":"Udruga osoba s intelektualnim te\u0161ko\u0107ama","potentialAction":[{"@type":"SearchAction","target":{"@type":"EntryPoint","urlTemplate":"https:\/\/regoc.test-astral.xyz\/?s={search_term_string}"},"query-input":"required name=search_term_string"}],"inLanguage":"en-US"}]}},"_links":{"self":[{"href":"https:\/\/regoc.test-astral.xyz\/index.php\/wp-json\/wp\/v2\/pages\/12095"}],"collection":[{"href":"https:\/\/regoc.test-astral.xyz\/index.php\/wp-json\/wp\/v2\/pages"}],"about":[{"href":"https:\/\/regoc.test-astral.xyz\/index.php\/wp-json\/wp\/v2\/types\/page"}],"author":[{"embeddable":true,"href":"https:\/\/regoc.test-astral.xyz\/index.php\/wp-json\/wp\/v2\/users\/123458"}],"replies":[{"embeddable":true,"href":"https:\/\/regoc.test-astral.xyz\/index.php\/wp-json\/wp\/v2\/comments?post=12095"}],"version-history":[{"count":19,"href":"https:\/\/regoc.test-astral.xyz\/index.php\/wp-json\/wp\/v2\/pages\/12095\/revisions"}],"predecessor-version":[{"id":12615,"href":"https:\/\/regoc.test-astral.xyz\/index.php\/wp-json\/wp\/v2\/pages\/12095\/revisions\/12615"}],"wp:attachment":[{"href":"https:\/\/regoc.test-astral.xyz\/index.php\/wp-json\/wp\/v2\/media?parent=12095"}],"curies":[{"name":"wp","href":"https:\/\/api.w.org\/{rel}","templated":true}]}}