{"id":589,"date":"2023-01-16T11:59:34","date_gmt":"2023-01-16T11:59:34","guid":{"rendered":"https:\/\/regoc.test-astral.xyz\/?page_id=589"},"modified":"2023-02-06T13:16:49","modified_gmt":"2023-02-06T13:16:49","slug":"kontakt-predsjednica-udruge","status":"publish","type":"page","link":"https:\/\/regoc.test-astral.xyz\/index.php\/kontakt-predsjednica-udruge\/","title":{"rendered":"Kontakt &#8211; predsjednica udruge"},"content":{"rendered":"\t\t<div data-elementor-type=\"wp-page\" data-elementor-id=\"589\" class=\"elementor elementor-589\">\n\t\t\t\t\t\t\t\t\t<section class=\"elementor-section elementor-top-section elementor-element elementor-element-50e7925 elementor-section-full_width elementor-section-height-default elementor-section-height-default\" data-id=\"50e7925\" data-element_type=\"section\" data-settings=\"{&quot;background_background&quot;:&quot;classic&quot;}\">\n\t\t\t\t\t\t<div class=\"elementor-container elementor-column-gap-default\">\n\t\t\t\t\t<div class=\"elementor-column elementor-col-100 elementor-top-column elementor-element elementor-element-18e9778\" data-id=\"18e9778\" data-element_type=\"column\" data-settings=\"{&quot;background_background&quot;:&quot;classic&quot;}\">\n\t\t\t<div class=\"elementor-widget-wrap elementor-element-populated\">\n\t\t\t\t\t\t\t\t<section class=\"elementor-section elementor-inner-section elementor-element elementor-element-b3b4b5c elementor-section-boxed elementor-section-height-default elementor-section-height-default\" data-id=\"b3b4b5c\" data-element_type=\"section\">\n\t\t\t\t\t\t<div class=\"elementor-container elementor-column-gap-default\">\n\t\t\t\t\t<div class=\"elementor-column elementor-col-100 elementor-inner-column elementor-element elementor-element-7d787a3\" data-id=\"7d787a3\" data-element_type=\"column\">\n\t\t\t<div class=\"elementor-widget-wrap elementor-element-populated\">\n\t\t\t\t\t\t\t\t<div class=\"elementor-element elementor-element-66a4ed5 elementor-widget elementor-widget-heading\" data-id=\"66a4ed5\" data-element_type=\"widget\" data-widget_type=\"heading.default\">\n\t\t\t\t<div class=\"elementor-widget-container\">\n\t\t\t<style>\/*! elementor - v3.10.1 - 17-01-2023 *\/\n.elementor-heading-title{padding:0;margin:0;line-height:1}.elementor-widget-heading .elementor-heading-title[class*=elementor-size-]>a{color:inherit;font-size:inherit;line-height:inherit}.elementor-widget-heading .elementor-heading-title.elementor-size-small{font-size:15px}.elementor-widget-heading .elementor-heading-title.elementor-size-medium{font-size:19px}.elementor-widget-heading .elementor-heading-title.elementor-size-large{font-size:29px}.elementor-widget-heading .elementor-heading-title.elementor-size-xl{font-size:39px}.elementor-widget-heading .elementor-heading-title.elementor-size-xxl{font-size:59px}<\/style><h1 class=\"elementor-heading-title elementor-size-default\">Predsjednica udruge<\/h1>\t\t<\/div>\n\t\t\t\t<\/div>\n\t\t\t\t\t<\/div>\n\t\t<\/div>\n\t\t\t\t\t\t\t<\/div>\n\t\t<\/section>\n\t\t\t\t\t<\/div>\n\t\t<\/div>\n\t\t\t\t\t\t\t<\/div>\n\t\t<\/section>\n\t\t\t\t<section class=\"elementor-section elementor-top-section elementor-element elementor-element-0f09834 elementor-section-boxed elementor-section-height-default elementor-section-height-default\" data-id=\"0f09834\" data-element_type=\"section\">\n\t\t\t\t\t\t<div class=\"elementor-container elementor-column-gap-default\">\n\t\t\t\t\t<div class=\"elementor-column elementor-col-100 elementor-top-column elementor-element elementor-element-19c4f4c\" data-id=\"19c4f4c\" data-element_type=\"column\">\n\t\t\t<div class=\"elementor-widget-wrap elementor-element-populated\">\n\t\t\t\t\t\t\t\t<div class=\"elementor-element elementor-element-b27ab94 elementor-widget elementor-widget-heading\" data-id=\"b27ab94\" data-element_type=\"widget\" data-widget_type=\"heading.default\">\n\t\t\t\t<div class=\"elementor-widget-container\">\n\t\t\t<h5 class=\"elementor-heading-title elementor-size-default\">Predsjednica Udruge:<\/h5>\t\t<\/div>\n\t\t\t\t<\/div>\n\t\t\t\t<div class=\"elementor-element elementor-element-98eb197 elementor-widget elementor-widget-heading\" data-id=\"98eb197\" data-element_type=\"widget\" data-widget_type=\"heading.default\">\n\t\t\t\t<div class=\"elementor-widget-container\">\n\t\t\t<h5 class=\"elementor-heading-title elementor-size-default\">mr.sc. Mirjana Jakov\u010dev<br>Mobitel: 095\/305-8444<\/h5>\t\t<\/div>\n\t\t\t\t<\/div>\n\t\t\t\t\t<\/div>\n\t\t<\/div>\n\t\t\t\t\t\t\t<\/div>\n\t\t<\/section>\n\t\t\t\t\t\t\t<\/div>\n\t\t","protected":false},"excerpt":{"rendered":"<p>Predsjednica udruge Predsjednica Udruge: mr.sc. Mirjana Jakov\u010devMobitel: 095\/305-8444<\/p>\n","protected":false},"author":123458,"featured_media":0,"parent":0,"menu_order":0,"comment_status":"closed","ping_status":"closed","template":"","meta":[],"yoast_head":"<!-- This site is optimized with the Yoast SEO plugin v19.14 - https:\/\/yoast.com\/wordpress\/plugins\/seo\/ -->\n<title>Kontakt - predsjednica udruge - Rego\u010d<\/title>\n<meta name=\"robots\" content=\"index, follow, max-snippet:-1, max-image-preview:large, max-video-preview:-1\" \/>\n<link rel=\"canonical\" href=\"https:\/\/regoc.test-astral.xyz\/index.php\/kontakt-predsjednica-udruge\/\" \/>\n<meta property=\"og:locale\" content=\"en_US\" \/>\n<meta property=\"og:type\" content=\"article\" \/>\n<meta property=\"og:title\" content=\"Kontakt - predsjednica udruge - Rego\u010d\" \/>\n<meta property=\"og:description\" content=\"Predsjednica udruge Predsjednica Udruge: mr.sc. Mirjana Jakov\u010devMobitel: 095\/305-8444\" \/>\n<meta property=\"og:url\" content=\"https:\/\/regoc.test-astral.xyz\/index.php\/kontakt-predsjednica-udruge\/\" \/>\n<meta property=\"og:site_name\" content=\"Rego\u010d\" \/>\n<meta property=\"article:modified_time\" content=\"2023-02-06T13:16:49+00:00\" \/>\n<meta name=\"twitter:card\" content=\"summary_large_image\" \/>\n<meta name=\"twitter:label1\" content=\"Est. reading time\" \/>\n\t<meta name=\"twitter:data1\" content=\"1 minute\" \/>\n<script type=\"application\/ld+json\" class=\"yoast-schema-graph\">{\"@context\":\"https:\/\/schema.org\",\"@graph\":[{\"@type\":\"WebPage\",\"@id\":\"https:\/\/regoc.test-astral.xyz\/index.php\/kontakt-predsjednica-udruge\/\",\"url\":\"https:\/\/regoc.test-astral.xyz\/index.php\/kontakt-predsjednica-udruge\/\",\"name\":\"Kontakt - predsjednica udruge - Rego\u010d\",\"isPartOf\":{\"@id\":\"https:\/\/regoc.test-astral.xyz\/#website\"},\"datePublished\":\"2023-01-16T11:59:34+00:00\",\"dateModified\":\"2023-02-06T13:16:49+00:00\",\"breadcrumb\":{\"@id\":\"https:\/\/regoc.test-astral.xyz\/index.php\/kontakt-predsjednica-udruge\/#breadcrumb\"},\"inLanguage\":\"en-US\",\"potentialAction\":[{\"@type\":\"ReadAction\",\"target\":[\"https:\/\/regoc.test-astral.xyz\/index.php\/kontakt-predsjednica-udruge\/\"]}]},{\"@type\":\"BreadcrumbList\",\"@id\":\"https:\/\/regoc.test-astral.xyz\/index.php\/kontakt-predsjednica-udruge\/#breadcrumb\",\"itemListElement\":[{\"@type\":\"ListItem\",\"position\":1,\"name\":\"Home\",\"item\":\"https:\/\/regoc.test-astral.xyz\/\"},{\"@type\":\"ListItem\",\"position\":2,\"name\":\"Kontakt &#8211; predsjednica udruge\"}]},{\"@type\":\"WebSite\",\"@id\":\"https:\/\/regoc.test-astral.xyz\/#website\",\"url\":\"https:\/\/regoc.test-astral.xyz\/\",\"name\":\"Rego\u010d\",\"description\":\"Udruga osoba s intelektualnim te\u0161ko\u0107ama\",\"potentialAction\":[{\"@type\":\"SearchAction\",\"target\":{\"@type\":\"EntryPoint\",\"urlTemplate\":\"https:\/\/regoc.test-astral.xyz\/?s={search_term_string}\"},\"query-input\":\"required name=search_term_string\"}],\"inLanguage\":\"en-US\"}]}<\/script>\n<!-- \/ Yoast SEO plugin. -->","yoast_head_json":{"title":"Kontakt - predsjednica udruge - Rego\u010d","robots":{"index":"index","follow":"follow","max-snippet":"max-snippet:-1","max-image-preview":"max-image-preview:large","max-video-preview":"max-video-preview:-1"},"canonical":"https:\/\/regoc.test-astral.xyz\/index.php\/kontakt-predsjednica-udruge\/","og_locale":"en_US","og_type":"article","og_title":"Kontakt - predsjednica udruge - Rego\u010d","og_description":"Predsjednica udruge Predsjednica Udruge: mr.sc. Mirjana Jakov\u010devMobitel: 095\/305-8444","og_url":"https:\/\/regoc.test-astral.xyz\/index.php\/kontakt-predsjednica-udruge\/","og_site_name":"Rego\u010d","article_modified_time":"2023-02-06T13:16:49+00:00","twitter_card":"summary_large_image","twitter_misc":{"Est. reading time":"1 minute"},"schema":{"@context":"https:\/\/schema.org","@graph":[{"@type":"WebPage","@id":"https:\/\/regoc.test-astral.xyz\/index.php\/kontakt-predsjednica-udruge\/","url":"https:\/\/regoc.test-astral.xyz\/index.php\/kontakt-predsjednica-udruge\/","name":"Kontakt - predsjednica udruge - Rego\u010d","isPartOf":{"@id":"https:\/\/regoc.test-astral.xyz\/#website"},"datePublished":"2023-01-16T11:59:34+00:00","dateModified":"2023-02-06T13:16:49+00:00","breadcrumb":{"@id":"https:\/\/regoc.test-astral.xyz\/index.php\/kontakt-predsjednica-udruge\/#breadcrumb"},"inLanguage":"en-US","potentialAction":[{"@type":"ReadAction","target":["https:\/\/regoc.test-astral.xyz\/index.php\/kontakt-predsjednica-udruge\/"]}]},{"@type":"BreadcrumbList","@id":"https:\/\/regoc.test-astral.xyz\/index.php\/kontakt-predsjednica-udruge\/#breadcrumb","itemListElement":[{"@type":"ListItem","position":1,"name":"Home","item":"https:\/\/regoc.test-astral.xyz\/"},{"@type":"ListItem","position":2,"name":"Kontakt &#8211; predsjednica udruge"}]},{"@type":"WebSite","@id":"https:\/\/regoc.test-astral.xyz\/#website","url":"https:\/\/regoc.test-astral.xyz\/","name":"Rego\u010d","description":"Udruga osoba s intelektualnim te\u0161ko\u0107ama","potentialAction":[{"@type":"SearchAction","target":{"@type":"EntryPoint","urlTemplate":"https:\/\/regoc.test-astral.xyz\/?s={search_term_string}"},"query-input":"required name=search_term_string"}],"inLanguage":"en-US"}]}},"_links":{"self":[{"href":"https:\/\/regoc.test-astral.xyz\/index.php\/wp-json\/wp\/v2\/pages\/589"}],"collection":[{"href":"https:\/\/regoc.test-astral.xyz\/index.php\/wp-json\/wp\/v2\/pages"}],"about":[{"href":"https:\/\/regoc.test-astral.xyz\/index.php\/wp-json\/wp\/v2\/types\/page"}],"author":[{"embeddable":true,"href":"https:\/\/regoc.test-astral.xyz\/index.php\/wp-json\/wp\/v2\/users\/123458"}],"replies":[{"embeddable":true,"href":"https:\/\/regoc.test-astral.xyz\/index.php\/wp-json\/wp\/v2\/comments?post=589"}],"version-history":[{"count":56,"href":"https:\/\/regoc.test-astral.xyz\/index.php\/wp-json\/wp\/v2\/pages\/589\/revisions"}],"predecessor-version":[{"id":12515,"href":"https:\/\/regoc.test-astral.xyz\/index.php\/wp-json\/wp\/v2\/pages\/589\/revisions\/12515"}],"wp:attachment":[{"href":"https:\/\/regoc.test-astral.xyz\/index.php\/wp-json\/wp\/v2\/media?parent=589"}],"curies":[{"name":"wp","href":"https:\/\/api.w.org\/{rel}","templated":true}]}}