{"id":603,"date":"2023-01-16T12:13:37","date_gmt":"2023-01-16T12:13:37","guid":{"rendered":"https:\/\/regoc.test-astral.xyz\/?page_id=603"},"modified":"2023-02-06T13:18:42","modified_gmt":"2023-02-06T13:18:42","slug":"zaposlenici-udruge","status":"publish","type":"page","link":"https:\/\/regoc.test-astral.xyz\/index.php\/zaposlenici-udruge\/","title":{"rendered":"Kontakt &#8211; zaposlenici udruge"},"content":{"rendered":"\t\t<div data-elementor-type=\"wp-page\" data-elementor-id=\"603\" class=\"elementor elementor-603\">\n\t\t\t\t\t\t\t\t\t<section class=\"elementor-section elementor-top-section elementor-element elementor-element-2769c1f elementor-section-full_width elementor-section-height-default elementor-section-height-default\" data-id=\"2769c1f\" data-element_type=\"section\" data-settings=\"{&quot;background_background&quot;:&quot;classic&quot;}\">\n\t\t\t\t\t\t<div class=\"elementor-container elementor-column-gap-default\">\n\t\t\t\t\t<div class=\"elementor-column elementor-col-100 elementor-top-column elementor-element elementor-element-6fab2e8\" data-id=\"6fab2e8\" data-element_type=\"column\" data-settings=\"{&quot;background_background&quot;:&quot;classic&quot;}\">\n\t\t\t<div class=\"elementor-widget-wrap elementor-element-populated\">\n\t\t\t\t\t\t\t\t<section class=\"elementor-section elementor-inner-section elementor-element elementor-element-297a31d elementor-section-boxed elementor-section-height-default elementor-section-height-default\" data-id=\"297a31d\" data-element_type=\"section\">\n\t\t\t\t\t\t<div class=\"elementor-container elementor-column-gap-default\">\n\t\t\t\t\t<div class=\"elementor-column elementor-col-100 elementor-inner-column elementor-element elementor-element-7b72953\" data-id=\"7b72953\" data-element_type=\"column\">\n\t\t\t<div class=\"elementor-widget-wrap elementor-element-populated\">\n\t\t\t\t\t\t\t\t<div class=\"elementor-element elementor-element-eb68397 elementor-widget elementor-widget-heading\" data-id=\"eb68397\" data-element_type=\"widget\" data-widget_type=\"heading.default\">\n\t\t\t\t<div class=\"elementor-widget-container\">\n\t\t\t<style>\/*! elementor - v3.10.1 - 17-01-2023 *\/\n.elementor-heading-title{padding:0;margin:0;line-height:1}.elementor-widget-heading .elementor-heading-title[class*=elementor-size-]>a{color:inherit;font-size:inherit;line-height:inherit}.elementor-widget-heading .elementor-heading-title.elementor-size-small{font-size:15px}.elementor-widget-heading .elementor-heading-title.elementor-size-medium{font-size:19px}.elementor-widget-heading .elementor-heading-title.elementor-size-large{font-size:29px}.elementor-widget-heading .elementor-heading-title.elementor-size-xl{font-size:39px}.elementor-widget-heading .elementor-heading-title.elementor-size-xxl{font-size:59px}<\/style><h1 class=\"elementor-heading-title elementor-size-default\">Zaposlenici udruge<\/h1>\t\t<\/div>\n\t\t\t\t<\/div>\n\t\t\t\t\t<\/div>\n\t\t<\/div>\n\t\t\t\t\t\t\t<\/div>\n\t\t<\/section>\n\t\t\t\t\t<\/div>\n\t\t<\/div>\n\t\t\t\t\t\t\t<\/div>\n\t\t<\/section>\n\t\t\t\t<section class=\"elementor-section elementor-top-section elementor-element elementor-element-f8e2cde elementor-section-boxed elementor-section-height-default elementor-section-height-default\" data-id=\"f8e2cde\" data-element_type=\"section\">\n\t\t\t\t\t\t<div class=\"elementor-container elementor-column-gap-default\">\n\t\t\t\t\t<div class=\"elementor-column elementor-col-100 elementor-top-column elementor-element elementor-element-011409c\" data-id=\"011409c\" data-element_type=\"column\">\n\t\t\t<div class=\"elementor-widget-wrap elementor-element-populated\">\n\t\t\t\t\t\t\t\t<div class=\"elementor-element elementor-element-44f9376 elementor-widget elementor-widget-heading\" data-id=\"44f9376\" data-element_type=\"widget\" data-widget_type=\"heading.default\">\n\t\t\t\t<div class=\"elementor-widget-container\">\n\t\t\t<h5 class=\"elementor-heading-title elementor-size-default\">Administrator Udruge:<\/h5>\t\t<\/div>\n\t\t\t\t<\/div>\n\t\t\t\t<div class=\"elementor-element elementor-element-dc94744 elementor-widget elementor-widget-text-editor\" data-id=\"dc94744\" data-element_type=\"widget\" data-widget_type=\"text-editor.default\">\n\t\t\t\t<div class=\"elementor-widget-container\">\n\t\t\t<style>\/*! elementor - v3.10.1 - 17-01-2023 *\/\n.elementor-widget-text-editor.elementor-drop-cap-view-stacked .elementor-drop-cap{background-color:#818a91;color:#fff}.elementor-widget-text-editor.elementor-drop-cap-view-framed .elementor-drop-cap{color:#818a91;border:3px solid;background-color:transparent}.elementor-widget-text-editor:not(.elementor-drop-cap-view-default) .elementor-drop-cap{margin-top:8px}.elementor-widget-text-editor:not(.elementor-drop-cap-view-default) .elementor-drop-cap-letter{width:1em;height:1em}.elementor-widget-text-editor .elementor-drop-cap{float:left;text-align:center;line-height:1;font-size:50px}.elementor-widget-text-editor .elementor-drop-cap-letter{display:inline-block}<\/style>\t\t\t\t<p>\u017daklina \u0106iri\u0107<\/p><p>Broj telefona: 095\/305-833<\/p>\t\t\t\t\t\t<\/div>\n\t\t\t\t<\/div>\n\t\t\t\t<div class=\"elementor-element elementor-element-cc38ee6 elementor-widget elementor-widget-heading\" data-id=\"cc38ee6\" data-element_type=\"widget\" data-widget_type=\"heading.default\">\n\t\t\t\t<div class=\"elementor-widget-container\">\n\t\t\t<h5 class=\"elementor-heading-title elementor-size-default\">Voditeljica poludnevnog boravka:<\/h5>\t\t<\/div>\n\t\t\t\t<\/div>\n\t\t\t\t<div class=\"elementor-element elementor-element-d05f4f0 elementor-widget elementor-widget-text-editor\" data-id=\"d05f4f0\" data-element_type=\"widget\" data-widget_type=\"text-editor.default\">\n\t\t\t\t<div class=\"elementor-widget-container\">\n\t\t\t\t\t\t\t<p>Katica \u017divalj<\/p><p>Broj telefona: 091\/926-3413<\/p>\t\t\t\t\t\t<\/div>\n\t\t\t\t<\/div>\n\t\t\t\t<div class=\"elementor-element elementor-element-8196be7 elementor-widget elementor-widget-heading\" data-id=\"8196be7\" data-element_type=\"widget\" data-widget_type=\"heading.default\">\n\t\t\t\t<div class=\"elementor-widget-container\">\n\t\t\t<h5 class=\"elementor-heading-title elementor-size-default\">Voza\u010d Udruge:<\/h5>\t\t<\/div>\n\t\t\t\t<\/div>\n\t\t\t\t<div class=\"elementor-element elementor-element-9fe86e4 elementor-widget elementor-widget-text-editor\" data-id=\"9fe86e4\" data-element_type=\"widget\" data-widget_type=\"text-editor.default\">\n\t\t\t\t<div class=\"elementor-widget-container\">\n\t\t\t\t\t\t\t<p>Darko Hercog<\/p><p>Mobitel: 097\/744-0497<\/p>\t\t\t\t\t\t<\/div>\n\t\t\t\t<\/div>\n\t\t\t\t<div class=\"elementor-element elementor-element-db817d3 elementor-widget elementor-widget-heading\" data-id=\"db817d3\" data-element_type=\"widget\" data-widget_type=\"heading.default\">\n\t\t\t\t<div class=\"elementor-widget-container\">\n\t\t\t<h5 class=\"elementor-heading-title elementor-size-default\">Koordinator provedbe projekata:<\/h5>\t\t<\/div>\n\t\t\t\t<\/div>\n\t\t\t\t<div class=\"elementor-element elementor-element-c934607 elementor-widget elementor-widget-text-editor\" data-id=\"c934607\" data-element_type=\"widget\" data-widget_type=\"text-editor.default\">\n\t\t\t\t<div class=\"elementor-widget-container\">\n\t\t\t\t\t\t\t<p>Marija Vidakovi\u0107<\/p><p>Mobitel: 091\/604-1589<\/p>\t\t\t\t\t\t<\/div>\n\t\t\t\t<\/div>\n\t\t\t\t\t<\/div>\n\t\t<\/div>\n\t\t\t\t\t\t\t<\/div>\n\t\t<\/section>\n\t\t\t\t\t\t\t<\/div>\n\t\t","protected":false},"excerpt":{"rendered":"<p>Zaposlenici udruge Administrator Udruge: \u017daklina \u0106iri\u0107 Broj telefona: 095\/305-833 Voditeljica poludnevnog boravka: Katica \u017divalj Broj telefona: 091\/926-3413 Voza\u010d Udruge: Darko Hercog Mobitel: 097\/744-0497 Koordinator provedbe projekata: Marija Vidakovi\u0107 Mobitel: 091\/604-1589<\/p>\n","protected":false},"author":123458,"featured_media":0,"parent":0,"menu_order":0,"comment_status":"closed","ping_status":"closed","template":"","meta":[],"yoast_head":"<!-- This site is optimized with the Yoast SEO plugin v19.14 - https:\/\/yoast.com\/wordpress\/plugins\/seo\/ -->\n<title>Kontakt - zaposlenici udruge - Rego\u010d<\/title>\n<meta name=\"robots\" content=\"index, follow, max-snippet:-1, max-image-preview:large, max-video-preview:-1\" \/>\n<link rel=\"canonical\" href=\"https:\/\/regoc.test-astral.xyz\/index.php\/zaposlenici-udruge\/\" \/>\n<meta property=\"og:locale\" content=\"en_US\" \/>\n<meta property=\"og:type\" content=\"article\" \/>\n<meta property=\"og:title\" content=\"Kontakt - zaposlenici udruge - Rego\u010d\" \/>\n<meta property=\"og:description\" content=\"Zaposlenici udruge Administrator Udruge: \u017daklina \u0106iri\u0107 Broj telefona: 095\/305-833 Voditeljica poludnevnog boravka: Katica \u017divalj Broj telefona: 091\/926-3413 Voza\u010d Udruge: Darko Hercog Mobitel: 097\/744-0497 Koordinator provedbe projekata: Marija Vidakovi\u0107 Mobitel: 091\/604-1589\" \/>\n<meta property=\"og:url\" content=\"https:\/\/regoc.test-astral.xyz\/index.php\/zaposlenici-udruge\/\" \/>\n<meta property=\"og:site_name\" content=\"Rego\u010d\" \/>\n<meta property=\"article:modified_time\" content=\"2023-02-06T13:18:42+00:00\" \/>\n<meta name=\"twitter:card\" content=\"summary_large_image\" \/>\n<meta name=\"twitter:label1\" content=\"Est. reading time\" \/>\n\t<meta name=\"twitter:data1\" content=\"1 minute\" \/>\n<script type=\"application\/ld+json\" class=\"yoast-schema-graph\">{\"@context\":\"https:\/\/schema.org\",\"@graph\":[{\"@type\":\"WebPage\",\"@id\":\"https:\/\/regoc.test-astral.xyz\/index.php\/zaposlenici-udruge\/\",\"url\":\"https:\/\/regoc.test-astral.xyz\/index.php\/zaposlenici-udruge\/\",\"name\":\"Kontakt - zaposlenici udruge - Rego\u010d\",\"isPartOf\":{\"@id\":\"https:\/\/regoc.test-astral.xyz\/#website\"},\"datePublished\":\"2023-01-16T12:13:37+00:00\",\"dateModified\":\"2023-02-06T13:18:42+00:00\",\"breadcrumb\":{\"@id\":\"https:\/\/regoc.test-astral.xyz\/index.php\/zaposlenici-udruge\/#breadcrumb\"},\"inLanguage\":\"en-US\",\"potentialAction\":[{\"@type\":\"ReadAction\",\"target\":[\"https:\/\/regoc.test-astral.xyz\/index.php\/zaposlenici-udruge\/\"]}]},{\"@type\":\"BreadcrumbList\",\"@id\":\"https:\/\/regoc.test-astral.xyz\/index.php\/zaposlenici-udruge\/#breadcrumb\",\"itemListElement\":[{\"@type\":\"ListItem\",\"position\":1,\"name\":\"Home\",\"item\":\"https:\/\/regoc.test-astral.xyz\/\"},{\"@type\":\"ListItem\",\"position\":2,\"name\":\"Kontakt &#8211; zaposlenici udruge\"}]},{\"@type\":\"WebSite\",\"@id\":\"https:\/\/regoc.test-astral.xyz\/#website\",\"url\":\"https:\/\/regoc.test-astral.xyz\/\",\"name\":\"Rego\u010d\",\"description\":\"Udruga osoba s intelektualnim te\u0161ko\u0107ama\",\"potentialAction\":[{\"@type\":\"SearchAction\",\"target\":{\"@type\":\"EntryPoint\",\"urlTemplate\":\"https:\/\/regoc.test-astral.xyz\/?s={search_term_string}\"},\"query-input\":\"required name=search_term_string\"}],\"inLanguage\":\"en-US\"}]}<\/script>\n<!-- \/ Yoast SEO plugin. -->","yoast_head_json":{"title":"Kontakt - zaposlenici udruge - Rego\u010d","robots":{"index":"index","follow":"follow","max-snippet":"max-snippet:-1","max-image-preview":"max-image-preview:large","max-video-preview":"max-video-preview:-1"},"canonical":"https:\/\/regoc.test-astral.xyz\/index.php\/zaposlenici-udruge\/","og_locale":"en_US","og_type":"article","og_title":"Kontakt - zaposlenici udruge - Rego\u010d","og_description":"Zaposlenici udruge Administrator Udruge: \u017daklina \u0106iri\u0107 Broj telefona: 095\/305-833 Voditeljica poludnevnog boravka: Katica \u017divalj Broj telefona: 091\/926-3413 Voza\u010d Udruge: Darko Hercog Mobitel: 097\/744-0497 Koordinator provedbe projekata: Marija Vidakovi\u0107 Mobitel: 091\/604-1589","og_url":"https:\/\/regoc.test-astral.xyz\/index.php\/zaposlenici-udruge\/","og_site_name":"Rego\u010d","article_modified_time":"2023-02-06T13:18:42+00:00","twitter_card":"summary_large_image","twitter_misc":{"Est. reading time":"1 minute"},"schema":{"@context":"https:\/\/schema.org","@graph":[{"@type":"WebPage","@id":"https:\/\/regoc.test-astral.xyz\/index.php\/zaposlenici-udruge\/","url":"https:\/\/regoc.test-astral.xyz\/index.php\/zaposlenici-udruge\/","name":"Kontakt - zaposlenici udruge - Rego\u010d","isPartOf":{"@id":"https:\/\/regoc.test-astral.xyz\/#website"},"datePublished":"2023-01-16T12:13:37+00:00","dateModified":"2023-02-06T13:18:42+00:00","breadcrumb":{"@id":"https:\/\/regoc.test-astral.xyz\/index.php\/zaposlenici-udruge\/#breadcrumb"},"inLanguage":"en-US","potentialAction":[{"@type":"ReadAction","target":["https:\/\/regoc.test-astral.xyz\/index.php\/zaposlenici-udruge\/"]}]},{"@type":"BreadcrumbList","@id":"https:\/\/regoc.test-astral.xyz\/index.php\/zaposlenici-udruge\/#breadcrumb","itemListElement":[{"@type":"ListItem","position":1,"name":"Home","item":"https:\/\/regoc.test-astral.xyz\/"},{"@type":"ListItem","position":2,"name":"Kontakt &#8211; zaposlenici udruge"}]},{"@type":"WebSite","@id":"https:\/\/regoc.test-astral.xyz\/#website","url":"https:\/\/regoc.test-astral.xyz\/","name":"Rego\u010d","description":"Udruga osoba s intelektualnim te\u0161ko\u0107ama","potentialAction":[{"@type":"SearchAction","target":{"@type":"EntryPoint","urlTemplate":"https:\/\/regoc.test-astral.xyz\/?s={search_term_string}"},"query-input":"required name=search_term_string"}],"inLanguage":"en-US"}]}},"_links":{"self":[{"href":"https:\/\/regoc.test-astral.xyz\/index.php\/wp-json\/wp\/v2\/pages\/603"}],"collection":[{"href":"https:\/\/regoc.test-astral.xyz\/index.php\/wp-json\/wp\/v2\/pages"}],"about":[{"href":"https:\/\/regoc.test-astral.xyz\/index.php\/wp-json\/wp\/v2\/types\/page"}],"author":[{"embeddable":true,"href":"https:\/\/regoc.test-astral.xyz\/index.php\/wp-json\/wp\/v2\/users\/123458"}],"replies":[{"embeddable":true,"href":"https:\/\/regoc.test-astral.xyz\/index.php\/wp-json\/wp\/v2\/comments?post=603"}],"version-history":[{"count":41,"href":"https:\/\/regoc.test-astral.xyz\/index.php\/wp-json\/wp\/v2\/pages\/603\/revisions"}],"predecessor-version":[{"id":12519,"href":"https:\/\/regoc.test-astral.xyz\/index.php\/wp-json\/wp\/v2\/pages\/603\/revisions\/12519"}],"wp:attachment":[{"href":"https:\/\/regoc.test-astral.xyz\/index.php\/wp-json\/wp\/v2\/media?parent=603"}],"curies":[{"name":"wp","href":"https:\/\/api.w.org\/{rel}","templated":true}]}}