{"id":766,"date":"2023-01-31T12:02:22","date_gmt":"2023-01-31T12:02:22","guid":{"rendered":"https:\/\/regoc.test-astral.xyz\/?page_id=766"},"modified":"2023-02-06T13:19:35","modified_gmt":"2023-02-06T13:19:35","slug":"programi-i-projekti-u-provedbi","status":"publish","type":"page","link":"https:\/\/regoc.test-astral.xyz\/index.php\/programi-i-projekti-u-provedbi\/","title":{"rendered":"Programi i projekti u provedbi"},"content":{"rendered":"\t\t<div data-elementor-type=\"wp-page\" data-elementor-id=\"766\" class=\"elementor elementor-766\">\n\t\t\t\t\t\t\t\t\t<section class=\"elementor-section elementor-top-section elementor-element elementor-element-ba599e8 elementor-section-full_width elementor-section-height-default elementor-section-height-default\" data-id=\"ba599e8\" data-element_type=\"section\" data-settings=\"{&quot;background_background&quot;:&quot;classic&quot;}\">\n\t\t\t\t\t\t<div class=\"elementor-container elementor-column-gap-default\">\n\t\t\t\t\t<div class=\"elementor-column elementor-col-100 elementor-top-column elementor-element elementor-element-f9d5a49\" data-id=\"f9d5a49\" data-element_type=\"column\" data-settings=\"{&quot;background_background&quot;:&quot;classic&quot;}\">\n\t\t\t<div class=\"elementor-widget-wrap elementor-element-populated\">\n\t\t\t\t\t\t\t\t<section class=\"elementor-section elementor-inner-section elementor-element elementor-element-bd15fbf elementor-section-boxed elementor-section-height-default elementor-section-height-default\" data-id=\"bd15fbf\" data-element_type=\"section\">\n\t\t\t\t\t\t<div class=\"elementor-container elementor-column-gap-default\">\n\t\t\t\t\t<div class=\"elementor-column elementor-col-100 elementor-inner-column elementor-element elementor-element-0aa0469\" data-id=\"0aa0469\" data-element_type=\"column\">\n\t\t\t<div class=\"elementor-widget-wrap elementor-element-populated\">\n\t\t\t\t\t\t\t\t<div class=\"elementor-element elementor-element-621f1ba elementor-widget elementor-widget-heading\" data-id=\"621f1ba\" data-element_type=\"widget\" data-widget_type=\"heading.default\">\n\t\t\t\t<div class=\"elementor-widget-container\">\n\t\t\t<style>\/*! elementor - v3.10.1 - 17-01-2023 *\/\n.elementor-heading-title{padding:0;margin:0;line-height:1}.elementor-widget-heading .elementor-heading-title[class*=elementor-size-]>a{color:inherit;font-size:inherit;line-height:inherit}.elementor-widget-heading .elementor-heading-title.elementor-size-small{font-size:15px}.elementor-widget-heading .elementor-heading-title.elementor-size-medium{font-size:19px}.elementor-widget-heading .elementor-heading-title.elementor-size-large{font-size:29px}.elementor-widget-heading .elementor-heading-title.elementor-size-xl{font-size:39px}.elementor-widget-heading .elementor-heading-title.elementor-size-xxl{font-size:59px}<\/style><h1 class=\"elementor-heading-title elementor-size-default\">Programi i projekti u provedbi<\/h1>\t\t<\/div>\n\t\t\t\t<\/div>\n\t\t\t\t\t<\/div>\n\t\t<\/div>\n\t\t\t\t\t\t\t<\/div>\n\t\t<\/section>\n\t\t\t\t\t<\/div>\n\t\t<\/div>\n\t\t\t\t\t\t\t<\/div>\n\t\t<\/section>\n\t\t\t\t<section class=\"elementor-section elementor-top-section elementor-element elementor-element-c07de7e elementor-section-boxed elementor-section-height-default elementor-section-height-default\" data-id=\"c07de7e\" data-element_type=\"section\">\n\t\t\t\t\t\t<div class=\"elementor-container elementor-column-gap-default\">\n\t\t\t\t\t<div class=\"elementor-column elementor-col-100 elementor-top-column elementor-element elementor-element-dab458d\" data-id=\"dab458d\" data-element_type=\"column\">\n\t\t\t<div class=\"elementor-widget-wrap elementor-element-populated\">\n\t\t\t\t\t\t\t\t<div class=\"elementor-element elementor-element-76e2991 elementor-widget elementor-widget-text-editor\" data-id=\"76e2991\" data-element_type=\"widget\" data-widget_type=\"text-editor.default\">\n\t\t\t\t<div class=\"elementor-widget-container\">\n\t\t\t<style>\/*! elementor - v3.10.1 - 17-01-2023 *\/\n.elementor-widget-text-editor.elementor-drop-cap-view-stacked .elementor-drop-cap{background-color:#818a91;color:#fff}.elementor-widget-text-editor.elementor-drop-cap-view-framed .elementor-drop-cap{color:#818a91;border:3px solid;background-color:transparent}.elementor-widget-text-editor:not(.elementor-drop-cap-view-default) .elementor-drop-cap{margin-top:8px}.elementor-widget-text-editor:not(.elementor-drop-cap-view-default) .elementor-drop-cap-letter{width:1em;height:1em}.elementor-widget-text-editor .elementor-drop-cap{float:left;text-align:center;line-height:1;font-size:50px}.elementor-widget-text-editor .elementor-drop-cap-letter{display:inline-block}<\/style>\t\t\t\t<p><strong>PROJEKTI I PROGRAMI U PROVEDBI 2021.\/2022.<\/strong><\/p><p>Ministarstvo rada, mirovinskog sustava, obitelji I socijalne politike: \u201cKroz aktivnosti poludnevnog boravka samostalniji i uklju\u010deni u zajednicu II\u201c \u2013 280.000,00 HRK<\/p><p>Grad Slavonski Brod \u2013 Javni natje\u010daj za financiranje programa ili projekata udruga za 2020. godinu koji su od interesa za op\u0107e dobro \u2013 5.000,00 HRK.<\/p><p>Hrvatski zavod za zapo\u0161ljavanje \u2013 Javni rad \u2013 Program \u201cRadom za zajednicu i sebe\u201d<\/p><p>\u201cZa\u017eeli-Rego\u010d\u201d u sklopu Za\u017eeli \u2013 program za zapo\u0161ljavanje \u017eena-faza II, Ministarstvo rada, mirovinskog sustava, obitelji I socijalne politike \u00a0(Europski socijalni fond)-650.060,00 kn<\/p><p>Moj prijatelj u zajednici \u2013 Ministarstvo za demografiju, obitelj, mlade i socijalnu politiku, Ukupna vrijednost projekta: 1.498.062,50 HRK<\/p><p>Nije problem \u2013 svi u Rego\u010d!-\u00a0Hrvatski zavod za zapo\u0161ljavanje, MROSP,Vrijednost projekta: Ukupna vrijednost projekta: 1.996.400,00 HRK , \u00a0 Razdoblje provedbe: 19.o\u017eujak 2021. \u2013 19.o\u017eujka 2023.<\/p><p>Osobni asistenti Rego\u010d- faza III, Ministarstvo rada, mirovinskog sustava, obitelji I socijalne politike \u00a0(Europski socijalni fond) 1.999.957,77 kn<\/p><p>Jako kao Rego\u010d II \u2013 Nacionalna zaklada za razvoj civilnog dru\u0161tva \u2013 Institucionalna podr\u0161ka-206.150,00 HRK<\/p><p>Ministarstvo za demografiju, obitelj, mlade i socijalnu politiku (Europski socijalni fond) \u2013 Unaprje\u0111enje kompetencija koje doprinose trajnoj socijalnoj uklju\u010denosti, OPULJP 2014. \u2013 2020. \u2013 1.043.388,50 HRK (Partner)<\/p><p><strong>Osna\u017eeni roditelji= sretna obitelj III \u2013 Sredi\u0161nji dr\u017eavni ured za demografiju I mlade-50.000,00 HRK<\/strong><\/p>\t\t\t\t\t\t<\/div>\n\t\t\t\t<\/div>\n\t\t\t\t\t<\/div>\n\t\t<\/div>\n\t\t\t\t\t\t\t<\/div>\n\t\t<\/section>\n\t\t\t\t\t\t\t<\/div>\n\t\t","protected":false},"excerpt":{"rendered":"<p>Programi i projekti u provedbi PROJEKTI I PROGRAMI U PROVEDBI 2021.\/2022. Ministarstvo rada, mirovinskog sustava, obitelji I socijalne politike: \u201cKroz aktivnosti poludnevnog boravka samostalniji i uklju\u010deni u zajednicu II\u201c \u2013 280.000,00 HRK Grad Slavonski Brod \u2013 Javni natje\u010daj za financiranje programa ili projekata udruga za 2020. godinu koji su od interesa za op\u0107e dobro \u2013 [&hellip;]<\/p>\n","protected":false},"author":123458,"featured_media":0,"parent":0,"menu_order":0,"comment_status":"closed","ping_status":"closed","template":"","meta":[],"yoast_head":"<!-- This site is optimized with the Yoast SEO plugin v19.14 - https:\/\/yoast.com\/wordpress\/plugins\/seo\/ -->\n<title>Programi i projekti u provedbi - Rego\u010d<\/title>\n<meta name=\"robots\" content=\"index, follow, max-snippet:-1, max-image-preview:large, max-video-preview:-1\" \/>\n<link rel=\"canonical\" href=\"https:\/\/regoc.test-astral.xyz\/index.php\/programi-i-projekti-u-provedbi\/\" \/>\n<meta property=\"og:locale\" content=\"en_US\" \/>\n<meta property=\"og:type\" content=\"article\" \/>\n<meta property=\"og:title\" content=\"Programi i projekti u provedbi - Rego\u010d\" \/>\n<meta property=\"og:description\" content=\"Programi i projekti u provedbi PROJEKTI I PROGRAMI U PROVEDBI 2021.\/2022. Ministarstvo rada, mirovinskog sustava, obitelji I socijalne politike: \u201cKroz aktivnosti poludnevnog boravka samostalniji i uklju\u010deni u zajednicu II\u201c \u2013 280.000,00 HRK Grad Slavonski Brod \u2013 Javni natje\u010daj za financiranje programa ili projekata udruga za 2020. godinu koji su od interesa za op\u0107e dobro \u2013 [&hellip;]\" \/>\n<meta property=\"og:url\" content=\"https:\/\/regoc.test-astral.xyz\/index.php\/programi-i-projekti-u-provedbi\/\" \/>\n<meta property=\"og:site_name\" content=\"Rego\u010d\" \/>\n<meta property=\"article:modified_time\" content=\"2023-02-06T13:19:35+00:00\" \/>\n<meta name=\"twitter:card\" content=\"summary_large_image\" \/>\n<meta name=\"twitter:label1\" content=\"Est. reading time\" \/>\n\t<meta name=\"twitter:data1\" content=\"1 minute\" \/>\n<script type=\"application\/ld+json\" class=\"yoast-schema-graph\">{\"@context\":\"https:\/\/schema.org\",\"@graph\":[{\"@type\":\"WebPage\",\"@id\":\"https:\/\/regoc.test-astral.xyz\/index.php\/programi-i-projekti-u-provedbi\/\",\"url\":\"https:\/\/regoc.test-astral.xyz\/index.php\/programi-i-projekti-u-provedbi\/\",\"name\":\"Programi i projekti u provedbi - Rego\u010d\",\"isPartOf\":{\"@id\":\"https:\/\/regoc.test-astral.xyz\/#website\"},\"datePublished\":\"2023-01-31T12:02:22+00:00\",\"dateModified\":\"2023-02-06T13:19:35+00:00\",\"breadcrumb\":{\"@id\":\"https:\/\/regoc.test-astral.xyz\/index.php\/programi-i-projekti-u-provedbi\/#breadcrumb\"},\"inLanguage\":\"en-US\",\"potentialAction\":[{\"@type\":\"ReadAction\",\"target\":[\"https:\/\/regoc.test-astral.xyz\/index.php\/programi-i-projekti-u-provedbi\/\"]}]},{\"@type\":\"BreadcrumbList\",\"@id\":\"https:\/\/regoc.test-astral.xyz\/index.php\/programi-i-projekti-u-provedbi\/#breadcrumb\",\"itemListElement\":[{\"@type\":\"ListItem\",\"position\":1,\"name\":\"Home\",\"item\":\"https:\/\/regoc.test-astral.xyz\/\"},{\"@type\":\"ListItem\",\"position\":2,\"name\":\"Programi i projekti u provedbi\"}]},{\"@type\":\"WebSite\",\"@id\":\"https:\/\/regoc.test-astral.xyz\/#website\",\"url\":\"https:\/\/regoc.test-astral.xyz\/\",\"name\":\"Rego\u010d\",\"description\":\"Udruga osoba s intelektualnim te\u0161ko\u0107ama\",\"potentialAction\":[{\"@type\":\"SearchAction\",\"target\":{\"@type\":\"EntryPoint\",\"urlTemplate\":\"https:\/\/regoc.test-astral.xyz\/?s={search_term_string}\"},\"query-input\":\"required name=search_term_string\"}],\"inLanguage\":\"en-US\"}]}<\/script>\n<!-- \/ Yoast SEO plugin. -->","yoast_head_json":{"title":"Programi i projekti u provedbi - Rego\u010d","robots":{"index":"index","follow":"follow","max-snippet":"max-snippet:-1","max-image-preview":"max-image-preview:large","max-video-preview":"max-video-preview:-1"},"canonical":"https:\/\/regoc.test-astral.xyz\/index.php\/programi-i-projekti-u-provedbi\/","og_locale":"en_US","og_type":"article","og_title":"Programi i projekti u provedbi - Rego\u010d","og_description":"Programi i projekti u provedbi PROJEKTI I PROGRAMI U PROVEDBI 2021.\/2022. Ministarstvo rada, mirovinskog sustava, obitelji I socijalne politike: \u201cKroz aktivnosti poludnevnog boravka samostalniji i uklju\u010deni u zajednicu II\u201c \u2013 280.000,00 HRK Grad Slavonski Brod \u2013 Javni natje\u010daj za financiranje programa ili projekata udruga za 2020. godinu koji su od interesa za op\u0107e dobro \u2013 [&hellip;]","og_url":"https:\/\/regoc.test-astral.xyz\/index.php\/programi-i-projekti-u-provedbi\/","og_site_name":"Rego\u010d","article_modified_time":"2023-02-06T13:19:35+00:00","twitter_card":"summary_large_image","twitter_misc":{"Est. reading time":"1 minute"},"schema":{"@context":"https:\/\/schema.org","@graph":[{"@type":"WebPage","@id":"https:\/\/regoc.test-astral.xyz\/index.php\/programi-i-projekti-u-provedbi\/","url":"https:\/\/regoc.test-astral.xyz\/index.php\/programi-i-projekti-u-provedbi\/","name":"Programi i projekti u provedbi - Rego\u010d","isPartOf":{"@id":"https:\/\/regoc.test-astral.xyz\/#website"},"datePublished":"2023-01-31T12:02:22+00:00","dateModified":"2023-02-06T13:19:35+00:00","breadcrumb":{"@id":"https:\/\/regoc.test-astral.xyz\/index.php\/programi-i-projekti-u-provedbi\/#breadcrumb"},"inLanguage":"en-US","potentialAction":[{"@type":"ReadAction","target":["https:\/\/regoc.test-astral.xyz\/index.php\/programi-i-projekti-u-provedbi\/"]}]},{"@type":"BreadcrumbList","@id":"https:\/\/regoc.test-astral.xyz\/index.php\/programi-i-projekti-u-provedbi\/#breadcrumb","itemListElement":[{"@type":"ListItem","position":1,"name":"Home","item":"https:\/\/regoc.test-astral.xyz\/"},{"@type":"ListItem","position":2,"name":"Programi i projekti u provedbi"}]},{"@type":"WebSite","@id":"https:\/\/regoc.test-astral.xyz\/#website","url":"https:\/\/regoc.test-astral.xyz\/","name":"Rego\u010d","description":"Udruga osoba s intelektualnim te\u0161ko\u0107ama","potentialAction":[{"@type":"SearchAction","target":{"@type":"EntryPoint","urlTemplate":"https:\/\/regoc.test-astral.xyz\/?s={search_term_string}"},"query-input":"required name=search_term_string"}],"inLanguage":"en-US"}]}},"_links":{"self":[{"href":"https:\/\/regoc.test-astral.xyz\/index.php\/wp-json\/wp\/v2\/pages\/766"}],"collection":[{"href":"https:\/\/regoc.test-astral.xyz\/index.php\/wp-json\/wp\/v2\/pages"}],"about":[{"href":"https:\/\/regoc.test-astral.xyz\/index.php\/wp-json\/wp\/v2\/types\/page"}],"author":[{"embeddable":true,"href":"https:\/\/regoc.test-astral.xyz\/index.php\/wp-json\/wp\/v2\/users\/123458"}],"replies":[{"embeddable":true,"href":"https:\/\/regoc.test-astral.xyz\/index.php\/wp-json\/wp\/v2\/comments?post=766"}],"version-history":[{"count":31,"href":"https:\/\/regoc.test-astral.xyz\/index.php\/wp-json\/wp\/v2\/pages\/766\/revisions"}],"predecessor-version":[{"id":12534,"href":"https:\/\/regoc.test-astral.xyz\/index.php\/wp-json\/wp\/v2\/pages\/766\/revisions\/12534"}],"wp:attachment":[{"href":"https:\/\/regoc.test-astral.xyz\/index.php\/wp-json\/wp\/v2\/media?parent=766"}],"curies":[{"name":"wp","href":"https:\/\/api.w.org\/{rel}","templated":true}]}}