{"id":828,"date":"2023-01-31T13:28:57","date_gmt":"2023-01-31T13:28:57","guid":{"rendered":"https:\/\/regoc.test-astral.xyz\/?page_id=828"},"modified":"2023-02-06T13:40:47","modified_gmt":"2023-02-06T13:40:47","slug":"stolarska-radionica","status":"publish","type":"page","link":"https:\/\/regoc.test-astral.xyz\/index.php\/stolarska-radionica\/","title":{"rendered":"Stolarska radionica"},"content":{"rendered":"\t\t<div data-elementor-type=\"wp-page\" data-elementor-id=\"828\" class=\"elementor elementor-828\">\n\t\t\t\t\t\t\t\t\t<section class=\"elementor-section elementor-top-section elementor-element elementor-element-068691b elementor-section-full_width elementor-section-height-default elementor-section-height-default\" data-id=\"068691b\" data-element_type=\"section\" data-settings=\"{&quot;background_background&quot;:&quot;classic&quot;}\">\n\t\t\t\t\t\t<div class=\"elementor-container elementor-column-gap-default\">\n\t\t\t\t\t<div class=\"elementor-column elementor-col-100 elementor-top-column elementor-element elementor-element-189738e\" data-id=\"189738e\" data-element_type=\"column\" data-settings=\"{&quot;background_background&quot;:&quot;classic&quot;}\">\n\t\t\t<div class=\"elementor-widget-wrap elementor-element-populated\">\n\t\t\t\t\t\t\t\t<section class=\"elementor-section elementor-inner-section elementor-element elementor-element-a493877 elementor-section-boxed elementor-section-height-default elementor-section-height-default\" data-id=\"a493877\" data-element_type=\"section\">\n\t\t\t\t\t\t<div class=\"elementor-container elementor-column-gap-default\">\n\t\t\t\t\t<div class=\"elementor-column elementor-col-100 elementor-inner-column elementor-element elementor-element-52436bd\" data-id=\"52436bd\" data-element_type=\"column\">\n\t\t\t<div class=\"elementor-widget-wrap elementor-element-populated\">\n\t\t\t\t\t\t\t\t<div class=\"elementor-element elementor-element-ac8f24b elementor-widget elementor-widget-heading\" data-id=\"ac8f24b\" data-element_type=\"widget\" data-widget_type=\"heading.default\">\n\t\t\t\t<div class=\"elementor-widget-container\">\n\t\t\t<style>\/*! elementor - v3.10.1 - 17-01-2023 *\/\n.elementor-heading-title{padding:0;margin:0;line-height:1}.elementor-widget-heading .elementor-heading-title[class*=elementor-size-]>a{color:inherit;font-size:inherit;line-height:inherit}.elementor-widget-heading .elementor-heading-title.elementor-size-small{font-size:15px}.elementor-widget-heading .elementor-heading-title.elementor-size-medium{font-size:19px}.elementor-widget-heading .elementor-heading-title.elementor-size-large{font-size:29px}.elementor-widget-heading .elementor-heading-title.elementor-size-xl{font-size:39px}.elementor-widget-heading .elementor-heading-title.elementor-size-xxl{font-size:59px}<\/style><h1 class=\"elementor-heading-title elementor-size-default\">Stolarska radionica<\/h1>\t\t<\/div>\n\t\t\t\t<\/div>\n\t\t\t\t\t<\/div>\n\t\t<\/div>\n\t\t\t\t\t\t\t<\/div>\n\t\t<\/section>\n\t\t\t\t\t<\/div>\n\t\t<\/div>\n\t\t\t\t\t\t\t<\/div>\n\t\t<\/section>\n\t\t\t\t<section class=\"elementor-section elementor-top-section elementor-element elementor-element-fc0cce4 elementor-section-boxed elementor-section-height-default elementor-section-height-default\" data-id=\"fc0cce4\" data-element_type=\"section\">\n\t\t\t\t\t\t<div class=\"elementor-container elementor-column-gap-default\">\n\t\t\t\t\t<div class=\"elementor-column elementor-col-100 elementor-top-column elementor-element elementor-element-eef2f6b\" data-id=\"eef2f6b\" data-element_type=\"column\">\n\t\t\t<div class=\"elementor-widget-wrap elementor-element-populated\">\n\t\t\t\t\t\t\t\t<div class=\"elementor-element elementor-element-909e2f1 elementor-widget elementor-widget-image\" data-id=\"909e2f1\" data-element_type=\"widget\" data-widget_type=\"image.default\">\n\t\t\t\t<div class=\"elementor-widget-container\">\n\t\t\t<style>\/*! elementor - v3.10.1 - 17-01-2023 *\/\n.elementor-widget-image{text-align:center}.elementor-widget-image a{display:inline-block}.elementor-widget-image a img[src$=\".svg\"]{width:48px}.elementor-widget-image img{vertical-align:middle;display:inline-block}<\/style>\t\t\t\t\t\t\t\t\t\t\t\t<img decoding=\"async\" width=\"605\" height=\"453\" src=\"https:\/\/regoc.test-astral.xyz\/wp-content\/uploads\/2023\/02\/stolarska-2-605x453-1.webp\" class=\"attachment-medium_large size-medium_large wp-image-1001\" alt=\"\" loading=\"lazy\" srcset=\"https:\/\/regoc.test-astral.xyz\/wp-content\/uploads\/2023\/02\/stolarska-2-605x453-1.webp 605w, https:\/\/regoc.test-astral.xyz\/wp-content\/uploads\/2023\/02\/stolarska-2-605x453-1-300x225.webp 300w\" sizes=\"(max-width: 605px) 100vw, 605px\" \/>\t\t\t\t\t\t\t\t\t\t\t\t\t\t\t<\/div>\n\t\t\t\t<\/div>\n\t\t\t\t<div class=\"elementor-element elementor-element-203c1b0 elementor-widget elementor-widget-text-editor\" data-id=\"203c1b0\" data-element_type=\"widget\" data-widget_type=\"text-editor.default\">\n\t\t\t\t<div class=\"elementor-widget-container\">\n\t\t\t<style>\/*! elementor - v3.10.1 - 17-01-2023 *\/\n.elementor-widget-text-editor.elementor-drop-cap-view-stacked .elementor-drop-cap{background-color:#818a91;color:#fff}.elementor-widget-text-editor.elementor-drop-cap-view-framed .elementor-drop-cap{color:#818a91;border:3px solid;background-color:transparent}.elementor-widget-text-editor:not(.elementor-drop-cap-view-default) .elementor-drop-cap{margin-top:8px}.elementor-widget-text-editor:not(.elementor-drop-cap-view-default) .elementor-drop-cap-letter{width:1em;height:1em}.elementor-widget-text-editor .elementor-drop-cap{float:left;text-align:center;line-height:1;font-size:50px}.elementor-widget-text-editor .elementor-drop-cap-letter{display:inline-block}<\/style>\t\t\t\t<p>Odr\u017eava se 2x tjedno po dva sata.<br \/>Ukupan broj radionica tijekom cijele godine je 104. Korisnici ove radionice u\u010de tehnike piljenja, \u0161mirglanja, lijepljenja, bojanja drveta te izra\u0111uju predmete od drveta kao \u0161to su ukrasne ogradice, ogradice za cvije\u0107e, rame za slike, podlo\u0161ci za \u010da\u0161e i drugo.<br \/>Broj korisnika u radionici je 7.<\/p>\t\t\t\t\t\t<\/div>\n\t\t\t\t<\/div>\n\t\t\t\t<div class=\"elementor-element elementor-element-3b87f51 gallery-spacing-custom elementor-widget elementor-widget-image-gallery\" data-id=\"3b87f51\" data-element_type=\"widget\" data-widget_type=\"image-gallery.default\">\n\t\t\t\t<div class=\"elementor-widget-container\">\n\t\t\t<style>\/*! elementor - v3.10.1 - 17-01-2023 *\/\n.elementor-image-gallery .gallery-item{display:inline-block;text-align:center;vertical-align:top;width:100%;max-width:100%;margin:0 auto}.elementor-image-gallery .gallery-item img{margin:0 auto}.elementor-image-gallery .gallery-item .gallery-caption{margin:0}.elementor-image-gallery figure img{display:block}.elementor-image-gallery figure figcaption{width:100%}.gallery-spacing-custom .elementor-image-gallery .gallery-icon{padding:0}@media (min-width:768px){.elementor-image-gallery .gallery-columns-2 .gallery-item{max-width:50%}.elementor-image-gallery .gallery-columns-3 .gallery-item{max-width:33.33%}.elementor-image-gallery .gallery-columns-4 .gallery-item{max-width:25%}.elementor-image-gallery .gallery-columns-5 .gallery-item{max-width:20%}.elementor-image-gallery .gallery-columns-6 .gallery-item{max-width:16.666%}.elementor-image-gallery .gallery-columns-7 .gallery-item{max-width:14.28%}.elementor-image-gallery .gallery-columns-8 .gallery-item{max-width:12.5%}.elementor-image-gallery .gallery-columns-9 .gallery-item{max-width:11.11%}.elementor-image-gallery .gallery-columns-10 .gallery-item{max-width:10%}}@media (min-width:480px) and (max-width:767px){.elementor-image-gallery .gallery.gallery-columns-2 .gallery-item,.elementor-image-gallery .gallery.gallery-columns-3 .gallery-item,.elementor-image-gallery .gallery.gallery-columns-4 .gallery-item,.elementor-image-gallery .gallery.gallery-columns-5 .gallery-item,.elementor-image-gallery .gallery.gallery-columns-6 .gallery-item,.elementor-image-gallery .gallery.gallery-columns-7 .gallery-item,.elementor-image-gallery .gallery.gallery-columns-8 .gallery-item,.elementor-image-gallery .gallery.gallery-columns-9 .gallery-item,.elementor-image-gallery .gallery.gallery-columns-10 .gallery-item{max-width:50%}}@media (max-width:479px){.elementor-image-gallery .gallery.gallery-columns-2 .gallery-item,.elementor-image-gallery .gallery.gallery-columns-3 .gallery-item,.elementor-image-gallery .gallery.gallery-columns-4 .gallery-item,.elementor-image-gallery .gallery.gallery-columns-5 .gallery-item,.elementor-image-gallery .gallery.gallery-columns-6 .gallery-item,.elementor-image-gallery .gallery.gallery-columns-7 .gallery-item,.elementor-image-gallery .gallery.gallery-columns-8 .gallery-item,.elementor-image-gallery .gallery.gallery-columns-9 .gallery-item,.elementor-image-gallery .gallery.gallery-columns-10 .gallery-item{max-width:100%}}<\/style>\t\t<div class=\"elementor-image-gallery\">\n\t\t\t<div id='gallery-1' class='gallery galleryid-828 gallery-columns-3 gallery-size-full'><figure class='gallery-item'>\n\t\t\t<div class='gallery-icon landscape'>\n\t\t\t\t<a data-elementor-open-lightbox=\"yes\" data-elementor-lightbox-slideshow=\"3b87f51\" data-elementor-lightbox-title=\"stolarska-4-138x104\" e-action-hash=\"#elementor-action%3Aaction%3Dlightbox%26settings%3DeyJpZCI6MTAwMiwidXJsIjoiaHR0cHM6XC9cL3JlZ29jLnRlc3QtYXN0cmFsLnh5elwvd3AtY29udGVudFwvdXBsb2Fkc1wvMjAyM1wvMDJcL3N0b2xhcnNrYS00LTEzOHgxMDQtMS53ZWJwIiwic2xpZGVzaG93IjoiM2I4N2Y1MSJ9\" href='https:\/\/regoc.test-astral.xyz\/wp-content\/uploads\/2023\/02\/stolarska-4-138x104-1.webp'><img width=\"138\" height=\"104\" src=\"https:\/\/regoc.test-astral.xyz\/wp-content\/uploads\/2023\/02\/stolarska-4-138x104-1.webp\" class=\"attachment-full size-full\" alt=\"\" decoding=\"async\" loading=\"lazy\" \/><\/a>\n\t\t\t<\/div><\/figure><figure class='gallery-item'>\n\t\t\t<div class='gallery-icon landscape'>\n\t\t\t\t<a data-elementor-open-lightbox=\"yes\" data-elementor-lightbox-slideshow=\"3b87f51\" data-elementor-lightbox-title=\"stolarska-5\" e-action-hash=\"#elementor-action%3Aaction%3Dlightbox%26settings%3DeyJpZCI6MTAwNCwidXJsIjoiaHR0cHM6XC9cL3JlZ29jLnRlc3QtYXN0cmFsLnh5elwvd3AtY29udGVudFwvdXBsb2Fkc1wvMjAyM1wvMDJcL3N0b2xhcnNrYS01LndlYnAiLCJzbGlkZXNob3ciOiIzYjg3ZjUxIn0%3D\" href='https:\/\/regoc.test-astral.xyz\/wp-content\/uploads\/2023\/02\/stolarska-5.webp'><img width=\"800\" height=\"600\" src=\"https:\/\/regoc.test-astral.xyz\/wp-content\/uploads\/2023\/02\/stolarska-5.webp\" class=\"attachment-full size-full\" alt=\"\" decoding=\"async\" loading=\"lazy\" srcset=\"https:\/\/regoc.test-astral.xyz\/wp-content\/uploads\/2023\/02\/stolarska-5.webp 800w, https:\/\/regoc.test-astral.xyz\/wp-content\/uploads\/2023\/02\/stolarska-5-300x225.webp 300w, https:\/\/regoc.test-astral.xyz\/wp-content\/uploads\/2023\/02\/stolarska-5-768x576.webp 768w\" sizes=\"(max-width: 800px) 100vw, 800px\" \/><\/a>\n\t\t\t<\/div><\/figure><figure class='gallery-item'>\n\t\t\t<div class='gallery-icon landscape'>\n\t\t\t\t<a data-elementor-open-lightbox=\"yes\" data-elementor-lightbox-slideshow=\"3b87f51\" data-elementor-lightbox-title=\"stolarska-6-138x104\" e-action-hash=\"#elementor-action%3Aaction%3Dlightbox%26settings%3DeyJpZCI6MTAwMywidXJsIjoiaHR0cHM6XC9cL3JlZ29jLnRlc3QtYXN0cmFsLnh5elwvd3AtY29udGVudFwvdXBsb2Fkc1wvMjAyM1wvMDJcL3N0b2xhcnNrYS02LTEzOHgxMDQtMS53ZWJwIiwic2xpZGVzaG93IjoiM2I4N2Y1MSJ9\" href='https:\/\/regoc.test-astral.xyz\/wp-content\/uploads\/2023\/02\/stolarska-6-138x104-1.webp'><img width=\"138\" height=\"104\" src=\"https:\/\/regoc.test-astral.xyz\/wp-content\/uploads\/2023\/02\/stolarska-6-138x104-1.webp\" class=\"attachment-full size-full\" alt=\"\" decoding=\"async\" loading=\"lazy\" \/><\/a>\n\t\t\t<\/div><\/figure>\n\t\t<\/div>\n\t\t<\/div>\n\t\t\t\t<\/div>\n\t\t\t\t<\/div>\n\t\t\t\t\t<\/div>\n\t\t<\/div>\n\t\t\t\t\t\t\t<\/div>\n\t\t<\/section>\n\t\t\t\t<section class=\"elementor-section elementor-top-section elementor-element elementor-element-a0ede71 elementor-section-full_width elementor-section-height-default elementor-section-height-default\" data-id=\"a0ede71\" data-element_type=\"section\">\n\t\t\t\t\t\t<div class=\"elementor-container elementor-column-gap-default\">\n\t\t\t\t\t<div class=\"elementor-column elementor-col-100 elementor-top-column elementor-element elementor-element-fe1a15b\" data-id=\"fe1a15b\" data-element_type=\"column\" data-settings=\"{&quot;background_background&quot;:&quot;classic&quot;}\">\n\t\t\t<div class=\"elementor-widget-wrap elementor-element-populated\">\n\t\t\t\t\t\t\t\t<section class=\"elementor-section elementor-inner-section elementor-element elementor-element-4040903 elementor-section-boxed elementor-section-height-default elementor-section-height-default\" data-id=\"4040903\" data-element_type=\"section\">\n\t\t\t\t\t\t<div class=\"elementor-container elementor-column-gap-default\">\n\t\t\t\t\t<div class=\"elementor-column elementor-col-66 elementor-inner-column elementor-element elementor-element-b1d92c1\" data-id=\"b1d92c1\" data-element_type=\"column\">\n\t\t\t<div class=\"elementor-widget-wrap elementor-element-populated\">\n\t\t\t\t\t\t\t\t<div class=\"elementor-element elementor-element-b4586a8 pp-dual-heading-inline elementor-widget elementor-widget-pp-dual-heading\" data-id=\"b4586a8\" data-element_type=\"widget\" data-widget_type=\"pp-dual-heading.default\">\n\t\t\t\t<div class=\"elementor-widget-container\">\n\t\t\t\t\t\t<h4 class=\"pp-dual-heading\">\n\t\t\t\t\t\t\t\t\t<span class=\"pp-first-text\">\n\t\t\t\t\t\tPostanite \u010dlan udruge Rego\u010d\t\t\t\t\t<\/span>\n\t\t\t\t\t\t\t\t\t\t<span class=\"pp-second-text\">\n\t\t\t\t\t\t.\t\t\t\t\t<\/span>\n\t\t\t\t\t\t\t\t<\/h4>\n\t\t\t\t\t<\/div>\n\t\t\t\t<\/div>\n\t\t\t\t\t<\/div>\n\t\t<\/div>\n\t\t\t\t<div class=\"elementor-column elementor-col-33 elementor-inner-column elementor-element elementor-element-c7fe4f8\" data-id=\"c7fe4f8\" data-element_type=\"column\">\n\t\t\t<div class=\"elementor-widget-wrap elementor-element-populated\">\n\t\t\t\t\t\t\t\t<div class=\"elementor-element elementor-element-ba2e328 elementor-align-right elementor-mobile-align-center elementor-widget elementor-widget-button\" data-id=\"ba2e328\" data-element_type=\"widget\" data-widget_type=\"button.default\">\n\t\t\t\t<div class=\"elementor-widget-container\">\n\t\t\t\t\t<div class=\"elementor-button-wrapper\">\n\t\t\t<a href=\"#elementor-action%3Aaction%3Dpopup%3Aopen%26settings%3DeyJpZCI6IjEwOTciLCJ0b2dnbGUiOmZhbHNlfQ%3D%3D\" class=\"elementor-button-link elementor-button elementor-size-md\" role=\"button\">\n\t\t\t\t\t\t<span class=\"elementor-button-content-wrapper\">\n\t\t\t\t\t\t\t<span class=\"elementor-button-icon elementor-align-icon-right\">\n\t\t\t\t<i aria-hidden=\"true\" class=\"fas fa-arrow-right\"><\/i>\t\t\t<\/span>\n\t\t\t\t\t\t<span class=\"elementor-button-text\">Postani \u010dlan<\/span>\n\t\t<\/span>\n\t\t\t\t\t<\/a>\n\t\t<\/div>\n\t\t\t\t<\/div>\n\t\t\t\t<\/div>\n\t\t\t\t\t<\/div>\n\t\t<\/div>\n\t\t\t\t\t\t\t<\/div>\n\t\t<\/section>\n\t\t\t\t\t<\/div>\n\t\t<\/div>\n\t\t\t\t\t\t\t<\/div>\n\t\t<\/section>\n\t\t\t\t\t\t\t<\/div>\n\t\t","protected":false},"excerpt":{"rendered":"<p>Stolarska radionica Odr\u017eava se 2x tjedno po dva sata.Ukupan broj radionica tijekom cijele godine je 104. Korisnici ove radionice u\u010de tehnike piljenja, \u0161mirglanja, lijepljenja, bojanja drveta te izra\u0111uju predmete od drveta kao \u0161to su ukrasne ogradice, ogradice za cvije\u0107e, rame za slike, podlo\u0161ci za \u010da\u0161e i drugo.Broj korisnika u radionici je 7. Postanite \u010dlan udruge [&hellip;]<\/p>\n","protected":false},"author":123458,"featured_media":0,"parent":0,"menu_order":0,"comment_status":"closed","ping_status":"closed","template":"","meta":[],"yoast_head":"<!-- This site is optimized with the Yoast SEO plugin v19.14 - https:\/\/yoast.com\/wordpress\/plugins\/seo\/ -->\n<title>Stolarska radionica - Rego\u010d<\/title>\n<meta name=\"robots\" content=\"index, follow, max-snippet:-1, max-image-preview:large, max-video-preview:-1\" \/>\n<link rel=\"canonical\" href=\"https:\/\/regoc.test-astral.xyz\/index.php\/stolarska-radionica\/\" \/>\n<meta property=\"og:locale\" content=\"en_US\" \/>\n<meta property=\"og:type\" content=\"article\" \/>\n<meta property=\"og:title\" content=\"Stolarska radionica - Rego\u010d\" \/>\n<meta property=\"og:description\" content=\"Stolarska radionica Odr\u017eava se 2x tjedno po dva sata.Ukupan broj radionica tijekom cijele godine je 104. Korisnici ove radionice u\u010de tehnike piljenja, \u0161mirglanja, lijepljenja, bojanja drveta te izra\u0111uju predmete od drveta kao \u0161to su ukrasne ogradice, ogradice za cvije\u0107e, rame za slike, podlo\u0161ci za \u010da\u0161e i drugo.Broj korisnika u radionici je 7. Postanite \u010dlan udruge [&hellip;]\" \/>\n<meta property=\"og:url\" content=\"https:\/\/regoc.test-astral.xyz\/index.php\/stolarska-radionica\/\" \/>\n<meta property=\"og:site_name\" content=\"Rego\u010d\" \/>\n<meta property=\"article:modified_time\" content=\"2023-02-06T13:40:47+00:00\" \/>\n<meta property=\"og:image\" content=\"https:\/\/regoc.test-astral.xyz\/wp-content\/uploads\/2023\/02\/stolarska-2-605x453-1.webp\" \/>\n<meta name=\"twitter:card\" content=\"summary_large_image\" \/>\n<meta name=\"twitter:label1\" content=\"Est. reading time\" \/>\n\t<meta name=\"twitter:data1\" content=\"2 minutes\" \/>\n<script type=\"application\/ld+json\" class=\"yoast-schema-graph\">{\"@context\":\"https:\/\/schema.org\",\"@graph\":[{\"@type\":\"WebPage\",\"@id\":\"https:\/\/regoc.test-astral.xyz\/index.php\/stolarska-radionica\/\",\"url\":\"https:\/\/regoc.test-astral.xyz\/index.php\/stolarska-radionica\/\",\"name\":\"Stolarska radionica - Rego\u010d\",\"isPartOf\":{\"@id\":\"https:\/\/regoc.test-astral.xyz\/#website\"},\"datePublished\":\"2023-01-31T13:28:57+00:00\",\"dateModified\":\"2023-02-06T13:40:47+00:00\",\"breadcrumb\":{\"@id\":\"https:\/\/regoc.test-astral.xyz\/index.php\/stolarska-radionica\/#breadcrumb\"},\"inLanguage\":\"en-US\",\"potentialAction\":[{\"@type\":\"ReadAction\",\"target\":[\"https:\/\/regoc.test-astral.xyz\/index.php\/stolarska-radionica\/\"]}]},{\"@type\":\"BreadcrumbList\",\"@id\":\"https:\/\/regoc.test-astral.xyz\/index.php\/stolarska-radionica\/#breadcrumb\",\"itemListElement\":[{\"@type\":\"ListItem\",\"position\":1,\"name\":\"Home\",\"item\":\"https:\/\/regoc.test-astral.xyz\/\"},{\"@type\":\"ListItem\",\"position\":2,\"name\":\"Stolarska radionica\"}]},{\"@type\":\"WebSite\",\"@id\":\"https:\/\/regoc.test-astral.xyz\/#website\",\"url\":\"https:\/\/regoc.test-astral.xyz\/\",\"name\":\"Rego\u010d\",\"description\":\"Udruga osoba s intelektualnim te\u0161ko\u0107ama\",\"potentialAction\":[{\"@type\":\"SearchAction\",\"target\":{\"@type\":\"EntryPoint\",\"urlTemplate\":\"https:\/\/regoc.test-astral.xyz\/?s={search_term_string}\"},\"query-input\":\"required name=search_term_string\"}],\"inLanguage\":\"en-US\"}]}<\/script>\n<!-- \/ Yoast SEO plugin. -->","yoast_head_json":{"title":"Stolarska radionica - Rego\u010d","robots":{"index":"index","follow":"follow","max-snippet":"max-snippet:-1","max-image-preview":"max-image-preview:large","max-video-preview":"max-video-preview:-1"},"canonical":"https:\/\/regoc.test-astral.xyz\/index.php\/stolarska-radionica\/","og_locale":"en_US","og_type":"article","og_title":"Stolarska radionica - Rego\u010d","og_description":"Stolarska radionica Odr\u017eava se 2x tjedno po dva sata.Ukupan broj radionica tijekom cijele godine je 104. Korisnici ove radionice u\u010de tehnike piljenja, \u0161mirglanja, lijepljenja, bojanja drveta te izra\u0111uju predmete od drveta kao \u0161to su ukrasne ogradice, ogradice za cvije\u0107e, rame za slike, podlo\u0161ci za \u010da\u0161e i drugo.Broj korisnika u radionici je 7. Postanite \u010dlan udruge [&hellip;]","og_url":"https:\/\/regoc.test-astral.xyz\/index.php\/stolarska-radionica\/","og_site_name":"Rego\u010d","article_modified_time":"2023-02-06T13:40:47+00:00","og_image":[{"url":"https:\/\/regoc.test-astral.xyz\/wp-content\/uploads\/2023\/02\/stolarska-2-605x453-1.webp"}],"twitter_card":"summary_large_image","twitter_misc":{"Est. reading time":"2 minutes"},"schema":{"@context":"https:\/\/schema.org","@graph":[{"@type":"WebPage","@id":"https:\/\/regoc.test-astral.xyz\/index.php\/stolarska-radionica\/","url":"https:\/\/regoc.test-astral.xyz\/index.php\/stolarska-radionica\/","name":"Stolarska radionica - Rego\u010d","isPartOf":{"@id":"https:\/\/regoc.test-astral.xyz\/#website"},"datePublished":"2023-01-31T13:28:57+00:00","dateModified":"2023-02-06T13:40:47+00:00","breadcrumb":{"@id":"https:\/\/regoc.test-astral.xyz\/index.php\/stolarska-radionica\/#breadcrumb"},"inLanguage":"en-US","potentialAction":[{"@type":"ReadAction","target":["https:\/\/regoc.test-astral.xyz\/index.php\/stolarska-radionica\/"]}]},{"@type":"BreadcrumbList","@id":"https:\/\/regoc.test-astral.xyz\/index.php\/stolarska-radionica\/#breadcrumb","itemListElement":[{"@type":"ListItem","position":1,"name":"Home","item":"https:\/\/regoc.test-astral.xyz\/"},{"@type":"ListItem","position":2,"name":"Stolarska radionica"}]},{"@type":"WebSite","@id":"https:\/\/regoc.test-astral.xyz\/#website","url":"https:\/\/regoc.test-astral.xyz\/","name":"Rego\u010d","description":"Udruga osoba s intelektualnim te\u0161ko\u0107ama","potentialAction":[{"@type":"SearchAction","target":{"@type":"EntryPoint","urlTemplate":"https:\/\/regoc.test-astral.xyz\/?s={search_term_string}"},"query-input":"required name=search_term_string"}],"inLanguage":"en-US"}]}},"_links":{"self":[{"href":"https:\/\/regoc.test-astral.xyz\/index.php\/wp-json\/wp\/v2\/pages\/828"}],"collection":[{"href":"https:\/\/regoc.test-astral.xyz\/index.php\/wp-json\/wp\/v2\/pages"}],"about":[{"href":"https:\/\/regoc.test-astral.xyz\/index.php\/wp-json\/wp\/v2\/types\/page"}],"author":[{"embeddable":true,"href":"https:\/\/regoc.test-astral.xyz\/index.php\/wp-json\/wp\/v2\/users\/123458"}],"replies":[{"embeddable":true,"href":"https:\/\/regoc.test-astral.xyz\/index.php\/wp-json\/wp\/v2\/comments?post=828"}],"version-history":[{"count":16,"href":"https:\/\/regoc.test-astral.xyz\/index.php\/wp-json\/wp\/v2\/pages\/828\/revisions"}],"predecessor-version":[{"id":12606,"href":"https:\/\/regoc.test-astral.xyz\/index.php\/wp-json\/wp\/v2\/pages\/828\/revisions\/12606"}],"wp:attachment":[{"href":"https:\/\/regoc.test-astral.xyz\/index.php\/wp-json\/wp\/v2\/media?parent=828"}],"curies":[{"name":"wp","href":"https:\/\/api.w.org\/{rel}","templated":true}]}}