{"id":830,"date":"2023-01-31T13:29:19","date_gmt":"2023-01-31T13:29:19","guid":{"rendered":"https:\/\/regoc.test-astral.xyz\/?page_id=830"},"modified":"2023-02-06T13:40:40","modified_gmt":"2023-02-06T13:40:40","slug":"radno-terapeutske-aktivnosti","status":"publish","type":"page","link":"https:\/\/regoc.test-astral.xyz\/index.php\/radno-terapeutske-aktivnosti\/","title":{"rendered":"Radno-terapeutske aktivnosti"},"content":{"rendered":"\t\t<div data-elementor-type=\"wp-page\" data-elementor-id=\"830\" class=\"elementor elementor-830\">\n\t\t\t\t\t\t\t\t\t<section class=\"elementor-section elementor-top-section elementor-element elementor-element-068691b elementor-section-full_width elementor-section-height-default elementor-section-height-default\" data-id=\"068691b\" data-element_type=\"section\" data-settings=\"{&quot;background_background&quot;:&quot;classic&quot;}\">\n\t\t\t\t\t\t<div class=\"elementor-container elementor-column-gap-default\">\n\t\t\t\t\t<div class=\"elementor-column elementor-col-100 elementor-top-column elementor-element elementor-element-189738e\" data-id=\"189738e\" data-element_type=\"column\" data-settings=\"{&quot;background_background&quot;:&quot;classic&quot;}\">\n\t\t\t<div class=\"elementor-widget-wrap elementor-element-populated\">\n\t\t\t\t\t\t\t\t<section class=\"elementor-section elementor-inner-section elementor-element elementor-element-a493877 elementor-section-boxed elementor-section-height-default elementor-section-height-default\" data-id=\"a493877\" data-element_type=\"section\">\n\t\t\t\t\t\t<div class=\"elementor-container elementor-column-gap-default\">\n\t\t\t\t\t<div class=\"elementor-column elementor-col-100 elementor-inner-column elementor-element elementor-element-52436bd\" data-id=\"52436bd\" data-element_type=\"column\">\n\t\t\t<div class=\"elementor-widget-wrap elementor-element-populated\">\n\t\t\t\t\t\t\t\t<div class=\"elementor-element elementor-element-ac8f24b elementor-widget elementor-widget-heading\" data-id=\"ac8f24b\" data-element_type=\"widget\" data-widget_type=\"heading.default\">\n\t\t\t\t<div class=\"elementor-widget-container\">\n\t\t\t<style>\/*! elementor - v3.10.1 - 17-01-2023 *\/\n.elementor-heading-title{padding:0;margin:0;line-height:1}.elementor-widget-heading .elementor-heading-title[class*=elementor-size-]>a{color:inherit;font-size:inherit;line-height:inherit}.elementor-widget-heading .elementor-heading-title.elementor-size-small{font-size:15px}.elementor-widget-heading .elementor-heading-title.elementor-size-medium{font-size:19px}.elementor-widget-heading .elementor-heading-title.elementor-size-large{font-size:29px}.elementor-widget-heading .elementor-heading-title.elementor-size-xl{font-size:39px}.elementor-widget-heading .elementor-heading-title.elementor-size-xxl{font-size:59px}<\/style><h1 class=\"elementor-heading-title elementor-size-default\">Radno terapeutske radionica<\/h1>\t\t<\/div>\n\t\t\t\t<\/div>\n\t\t\t\t\t<\/div>\n\t\t<\/div>\n\t\t\t\t\t\t\t<\/div>\n\t\t<\/section>\n\t\t\t\t\t<\/div>\n\t\t<\/div>\n\t\t\t\t\t\t\t<\/div>\n\t\t<\/section>\n\t\t\t\t<section class=\"elementor-section elementor-top-section elementor-element elementor-element-fc0cce4 elementor-section-boxed elementor-section-height-default elementor-section-height-default\" data-id=\"fc0cce4\" data-element_type=\"section\">\n\t\t\t\t\t\t<div class=\"elementor-container elementor-column-gap-default\">\n\t\t\t\t\t<div class=\"elementor-column elementor-col-100 elementor-top-column elementor-element elementor-element-eef2f6b\" data-id=\"eef2f6b\" data-element_type=\"column\">\n\t\t\t<div class=\"elementor-widget-wrap elementor-element-populated\">\n\t\t\t\t\t\t\t\t<div class=\"elementor-element elementor-element-909e2f1 elementor-widget elementor-widget-image\" data-id=\"909e2f1\" data-element_type=\"widget\" data-widget_type=\"image.default\">\n\t\t\t\t<div class=\"elementor-widget-container\">\n\t\t\t<style>\/*! elementor - v3.10.1 - 17-01-2023 *\/\n.elementor-widget-image{text-align:center}.elementor-widget-image a{display:inline-block}.elementor-widget-image a img[src$=\".svg\"]{width:48px}.elementor-widget-image img{vertical-align:middle;display:inline-block}<\/style>\t\t\t\t\t\t\t\t\t\t\t\t<img decoding=\"async\" width=\"768\" height=\"576\" src=\"https:\/\/regoc.test-astral.xyz\/wp-content\/uploads\/2023\/02\/radne-aktivnosti-5-768x576.webp\" class=\"attachment-medium_large size-medium_large wp-image-1011\" alt=\"\" loading=\"lazy\" srcset=\"https:\/\/regoc.test-astral.xyz\/wp-content\/uploads\/2023\/02\/radne-aktivnosti-5-768x576.webp 768w, https:\/\/regoc.test-astral.xyz\/wp-content\/uploads\/2023\/02\/radne-aktivnosti-5-300x225.webp 300w, https:\/\/regoc.test-astral.xyz\/wp-content\/uploads\/2023\/02\/radne-aktivnosti-5.webp 800w\" sizes=\"(max-width: 768px) 100vw, 768px\" \/>\t\t\t\t\t\t\t\t\t\t\t\t\t\t\t<\/div>\n\t\t\t\t<\/div>\n\t\t\t\t<div class=\"elementor-element elementor-element-203c1b0 elementor-widget elementor-widget-text-editor\" data-id=\"203c1b0\" data-element_type=\"widget\" data-widget_type=\"text-editor.default\">\n\t\t\t\t<div class=\"elementor-widget-container\">\n\t\t\t<style>\/*! elementor - v3.10.1 - 17-01-2023 *\/\n.elementor-widget-text-editor.elementor-drop-cap-view-stacked .elementor-drop-cap{background-color:#818a91;color:#fff}.elementor-widget-text-editor.elementor-drop-cap-view-framed .elementor-drop-cap{color:#818a91;border:3px solid;background-color:transparent}.elementor-widget-text-editor:not(.elementor-drop-cap-view-default) .elementor-drop-cap{margin-top:8px}.elementor-widget-text-editor:not(.elementor-drop-cap-view-default) .elementor-drop-cap-letter{width:1em;height:1em}.elementor-widget-text-editor .elementor-drop-cap{float:left;text-align:center;line-height:1;font-size:50px}.elementor-widget-text-editor .elementor-drop-cap-letter{display:inline-block}<\/style>\t\t\t\t<p>Radna terapija se provodi svakodnevno sa 17 \u010dlanova \u201eKluba Rego\u010d\u201c kojima je oduzeta poslovna sposobnost.\u00a0 Aktivnosti se odvijaju svaki dan od 9 do 12:30 sati, kroz sporazum o suradnji i humanitarnoj pomo\u0107i sa tvrtkom<br \/>\u201eTim Rekord\u201c iz Oriovca, na poslovima slaganja i pakiranja spu\u017evica.<\/p><p>Svakodnevno nakon doru\u010dka u 9.00 sati \u010dlanovi odlaze na radno-terapeutske aktivnosti u iznajmljen prostorradionice\u00a0 u Naselju A. Hebrang. Prostor je veli\u010dine 90m2 \u2013 vlasnika A. Lipovca iz Sl.Broda.<\/p><p>Prostore smo opremili radnim stolovima, svaki \u010dlan ima svoje mjesto za rad i sa\u0161ivenu prega\u010du s imenom. \u010clanovi rade tempom kojim mogu i na radnim zadacima prema svojim sposobnostima.<\/p><p>Rad se sastoji od pakiranja spu\u017evi u pripremljene papirnate ko\u0161uljice sa deklaracijom, pakiranje manjih paketa po 20 spu\u017evica, pakiranje velikih paketa i zamotavanja u plasti\u010dnu ambala\u017eu, odno\u0161enje u kamion i uno\u0161enje novih materijala. Aktivnost se odvija svaki radni dan do 12.30 sati nakon \u010dega \u010dlanovi odlaze na ru\u010dak u Klub.<\/p><p>Kroz sporazum o suradnji\u00a0 i humanitarnoj pomo\u0107i \u010dlanovi od tvornice dobivaju malu naknadu za svoj rad kako bi spoznali vrijednost svoga rada, stekli samopouzdanje i samopo\u0161tovanje \u0161to svakako pobolj\u0161ava kvalitetu \u017eivota osoba s mentalnom retardacijom.<\/p><p>Voditelj ovih aktivnosti je Domagoj Jerkovi\u0107-voza\u010d, trener koji je educiran u tvornici \u201eTim Rekord\u201c.Iako tvornica ne daje certifikat o edukaciji pokazatelj uspje\u0161nosti njegovog rada je na\u0161 trogodi\u0161nji rad za tu tvornicu<\/p>\t\t\t\t\t\t<\/div>\n\t\t\t\t<\/div>\n\t\t\t\t<div class=\"elementor-element elementor-element-3b87f51 gallery-spacing-custom elementor-widget elementor-widget-image-gallery\" data-id=\"3b87f51\" data-element_type=\"widget\" data-widget_type=\"image-gallery.default\">\n\t\t\t\t<div class=\"elementor-widget-container\">\n\t\t\t<style>\/*! elementor - v3.10.1 - 17-01-2023 *\/\n.elementor-image-gallery .gallery-item{display:inline-block;text-align:center;vertical-align:top;width:100%;max-width:100%;margin:0 auto}.elementor-image-gallery .gallery-item img{margin:0 auto}.elementor-image-gallery .gallery-item .gallery-caption{margin:0}.elementor-image-gallery figure img{display:block}.elementor-image-gallery figure figcaption{width:100%}.gallery-spacing-custom .elementor-image-gallery .gallery-icon{padding:0}@media (min-width:768px){.elementor-image-gallery .gallery-columns-2 .gallery-item{max-width:50%}.elementor-image-gallery .gallery-columns-3 .gallery-item{max-width:33.33%}.elementor-image-gallery .gallery-columns-4 .gallery-item{max-width:25%}.elementor-image-gallery .gallery-columns-5 .gallery-item{max-width:20%}.elementor-image-gallery .gallery-columns-6 .gallery-item{max-width:16.666%}.elementor-image-gallery .gallery-columns-7 .gallery-item{max-width:14.28%}.elementor-image-gallery .gallery-columns-8 .gallery-item{max-width:12.5%}.elementor-image-gallery .gallery-columns-9 .gallery-item{max-width:11.11%}.elementor-image-gallery .gallery-columns-10 .gallery-item{max-width:10%}}@media (min-width:480px) and (max-width:767px){.elementor-image-gallery .gallery.gallery-columns-2 .gallery-item,.elementor-image-gallery .gallery.gallery-columns-3 .gallery-item,.elementor-image-gallery .gallery.gallery-columns-4 .gallery-item,.elementor-image-gallery .gallery.gallery-columns-5 .gallery-item,.elementor-image-gallery .gallery.gallery-columns-6 .gallery-item,.elementor-image-gallery .gallery.gallery-columns-7 .gallery-item,.elementor-image-gallery .gallery.gallery-columns-8 .gallery-item,.elementor-image-gallery .gallery.gallery-columns-9 .gallery-item,.elementor-image-gallery .gallery.gallery-columns-10 .gallery-item{max-width:50%}}@media (max-width:479px){.elementor-image-gallery .gallery.gallery-columns-2 .gallery-item,.elementor-image-gallery .gallery.gallery-columns-3 .gallery-item,.elementor-image-gallery .gallery.gallery-columns-4 .gallery-item,.elementor-image-gallery .gallery.gallery-columns-5 .gallery-item,.elementor-image-gallery .gallery.gallery-columns-6 .gallery-item,.elementor-image-gallery .gallery.gallery-columns-7 .gallery-item,.elementor-image-gallery .gallery.gallery-columns-8 .gallery-item,.elementor-image-gallery .gallery.gallery-columns-9 .gallery-item,.elementor-image-gallery .gallery.gallery-columns-10 .gallery-item{max-width:100%}}<\/style>\t\t<div class=\"elementor-image-gallery\">\n\t\t\t<div id='gallery-1' class='gallery galleryid-830 gallery-columns-5 gallery-size-full'><figure class='gallery-item'>\n\t\t\t<div class='gallery-icon landscape'>\n\t\t\t\t<a data-elementor-open-lightbox=\"yes\" data-elementor-lightbox-slideshow=\"3b87f51\" data-elementor-lightbox-title=\"radne-aktivnosti\" e-action-hash=\"#elementor-action%3Aaction%3Dlightbox%26settings%3DeyJpZCI6MTAxMCwidXJsIjoiaHR0cHM6XC9cL3JlZ29jLnRlc3QtYXN0cmFsLnh5elwvd3AtY29udGVudFwvdXBsb2Fkc1wvMjAyM1wvMDJcL3JhZG5lLWFrdGl2bm9zdGkud2VicCIsInNsaWRlc2hvdyI6IjNiODdmNTEifQ%3D%3D\" href='https:\/\/regoc.test-astral.xyz\/wp-content\/uploads\/2023\/02\/radne-aktivnosti.webp'><img width=\"800\" height=\"600\" src=\"https:\/\/regoc.test-astral.xyz\/wp-content\/uploads\/2023\/02\/radne-aktivnosti.webp\" class=\"attachment-full size-full\" alt=\"\" decoding=\"async\" loading=\"lazy\" srcset=\"https:\/\/regoc.test-astral.xyz\/wp-content\/uploads\/2023\/02\/radne-aktivnosti.webp 800w, https:\/\/regoc.test-astral.xyz\/wp-content\/uploads\/2023\/02\/radne-aktivnosti-300x225.webp 300w, https:\/\/regoc.test-astral.xyz\/wp-content\/uploads\/2023\/02\/radne-aktivnosti-768x576.webp 768w\" sizes=\"(max-width: 800px) 100vw, 800px\" \/><\/a>\n\t\t\t<\/div><\/figure><figure class='gallery-item'>\n\t\t\t<div class='gallery-icon landscape'>\n\t\t\t\t<a data-elementor-open-lightbox=\"yes\" data-elementor-lightbox-slideshow=\"3b87f51\" data-elementor-lightbox-title=\"radne-aktivnosti-8\" e-action-hash=\"#elementor-action%3Aaction%3Dlightbox%26settings%3DeyJpZCI6MTAwOSwidXJsIjoiaHR0cHM6XC9cL3JlZ29jLnRlc3QtYXN0cmFsLnh5elwvd3AtY29udGVudFwvdXBsb2Fkc1wvMjAyM1wvMDJcL3JhZG5lLWFrdGl2bm9zdGktOC53ZWJwIiwic2xpZGVzaG93IjoiM2I4N2Y1MSJ9\" href='https:\/\/regoc.test-astral.xyz\/wp-content\/uploads\/2023\/02\/radne-aktivnosti-8.webp'><img width=\"800\" height=\"600\" src=\"https:\/\/regoc.test-astral.xyz\/wp-content\/uploads\/2023\/02\/radne-aktivnosti-8.webp\" class=\"attachment-full size-full\" alt=\"\" decoding=\"async\" loading=\"lazy\" srcset=\"https:\/\/regoc.test-astral.xyz\/wp-content\/uploads\/2023\/02\/radne-aktivnosti-8.webp 800w, https:\/\/regoc.test-astral.xyz\/wp-content\/uploads\/2023\/02\/radne-aktivnosti-8-300x225.webp 300w, https:\/\/regoc.test-astral.xyz\/wp-content\/uploads\/2023\/02\/radne-aktivnosti-8-768x576.webp 768w\" sizes=\"(max-width: 800px) 100vw, 800px\" \/><\/a>\n\t\t\t<\/div><\/figure><figure class='gallery-item'>\n\t\t\t<div class='gallery-icon landscape'>\n\t\t\t\t<a data-elementor-open-lightbox=\"yes\" data-elementor-lightbox-slideshow=\"3b87f51\" data-elementor-lightbox-title=\"radne-aktivnosti-6\" e-action-hash=\"#elementor-action%3Aaction%3Dlightbox%26settings%3DeyJpZCI6MTAwOCwidXJsIjoiaHR0cHM6XC9cL3JlZ29jLnRlc3QtYXN0cmFsLnh5elwvd3AtY29udGVudFwvdXBsb2Fkc1wvMjAyM1wvMDJcL3JhZG5lLWFrdGl2bm9zdGktNi53ZWJwIiwic2xpZGVzaG93IjoiM2I4N2Y1MSJ9\" href='https:\/\/regoc.test-astral.xyz\/wp-content\/uploads\/2023\/02\/radne-aktivnosti-6.webp'><img width=\"800\" height=\"600\" src=\"https:\/\/regoc.test-astral.xyz\/wp-content\/uploads\/2023\/02\/radne-aktivnosti-6.webp\" class=\"attachment-full size-full\" alt=\"\" decoding=\"async\" loading=\"lazy\" srcset=\"https:\/\/regoc.test-astral.xyz\/wp-content\/uploads\/2023\/02\/radne-aktivnosti-6.webp 800w, https:\/\/regoc.test-astral.xyz\/wp-content\/uploads\/2023\/02\/radne-aktivnosti-6-300x225.webp 300w, https:\/\/regoc.test-astral.xyz\/wp-content\/uploads\/2023\/02\/radne-aktivnosti-6-768x576.webp 768w\" sizes=\"(max-width: 800px) 100vw, 800px\" \/><\/a>\n\t\t\t<\/div><\/figure>\n\t\t<\/div>\n\t\t<\/div>\n\t\t\t\t<\/div>\n\t\t\t\t<\/div>\n\t\t\t\t\t<\/div>\n\t\t<\/div>\n\t\t\t\t\t\t\t<\/div>\n\t\t<\/section>\n\t\t\t\t<section class=\"elementor-section elementor-top-section elementor-element elementor-element-a0ede71 elementor-section-full_width elementor-section-height-default elementor-section-height-default\" data-id=\"a0ede71\" data-element_type=\"section\">\n\t\t\t\t\t\t<div class=\"elementor-container elementor-column-gap-default\">\n\t\t\t\t\t<div class=\"elementor-column elementor-col-100 elementor-top-column elementor-element elementor-element-fe1a15b\" data-id=\"fe1a15b\" data-element_type=\"column\" data-settings=\"{&quot;background_background&quot;:&quot;classic&quot;}\">\n\t\t\t<div class=\"elementor-widget-wrap elementor-element-populated\">\n\t\t\t\t\t\t\t\t<section class=\"elementor-section elementor-inner-section elementor-element elementor-element-4040903 elementor-section-boxed elementor-section-height-default elementor-section-height-default\" data-id=\"4040903\" data-element_type=\"section\">\n\t\t\t\t\t\t<div class=\"elementor-container elementor-column-gap-default\">\n\t\t\t\t\t<div class=\"elementor-column elementor-col-66 elementor-inner-column elementor-element elementor-element-b1d92c1\" data-id=\"b1d92c1\" data-element_type=\"column\">\n\t\t\t<div class=\"elementor-widget-wrap elementor-element-populated\">\n\t\t\t\t\t\t\t\t<div class=\"elementor-element elementor-element-b4586a8 pp-dual-heading-inline elementor-widget elementor-widget-pp-dual-heading\" data-id=\"b4586a8\" data-element_type=\"widget\" data-widget_type=\"pp-dual-heading.default\">\n\t\t\t\t<div class=\"elementor-widget-container\">\n\t\t\t\t\t\t<h4 class=\"pp-dual-heading\">\n\t\t\t\t\t\t\t\t\t<span class=\"pp-first-text\">\n\t\t\t\t\t\tPostanite \u010dlan udruge Rego\u010d\t\t\t\t\t<\/span>\n\t\t\t\t\t\t\t\t\t\t<span class=\"pp-second-text\">\n\t\t\t\t\t\t.\t\t\t\t\t<\/span>\n\t\t\t\t\t\t\t\t<\/h4>\n\t\t\t\t\t<\/div>\n\t\t\t\t<\/div>\n\t\t\t\t\t<\/div>\n\t\t<\/div>\n\t\t\t\t<div class=\"elementor-column elementor-col-33 elementor-inner-column elementor-element elementor-element-c7fe4f8\" data-id=\"c7fe4f8\" data-element_type=\"column\">\n\t\t\t<div class=\"elementor-widget-wrap elementor-element-populated\">\n\t\t\t\t\t\t\t\t<div class=\"elementor-element elementor-element-1fbd0ed elementor-align-right elementor-mobile-align-center elementor-widget elementor-widget-button\" data-id=\"1fbd0ed\" data-element_type=\"widget\" data-widget_type=\"button.default\">\n\t\t\t\t<div class=\"elementor-widget-container\">\n\t\t\t\t\t<div class=\"elementor-button-wrapper\">\n\t\t\t<a href=\"#elementor-action%3Aaction%3Dpopup%3Aopen%26settings%3DeyJpZCI6IjEwOTciLCJ0b2dnbGUiOmZhbHNlfQ%3D%3D\" class=\"elementor-button-link elementor-button elementor-size-md\" role=\"button\">\n\t\t\t\t\t\t<span class=\"elementor-button-content-wrapper\">\n\t\t\t\t\t\t\t<span class=\"elementor-button-icon elementor-align-icon-right\">\n\t\t\t\t<i aria-hidden=\"true\" class=\"fas fa-arrow-right\"><\/i>\t\t\t<\/span>\n\t\t\t\t\t\t<span class=\"elementor-button-text\">Postani \u010dlan<\/span>\n\t\t<\/span>\n\t\t\t\t\t<\/a>\n\t\t<\/div>\n\t\t\t\t<\/div>\n\t\t\t\t<\/div>\n\t\t\t\t\t<\/div>\n\t\t<\/div>\n\t\t\t\t\t\t\t<\/div>\n\t\t<\/section>\n\t\t\t\t\t<\/div>\n\t\t<\/div>\n\t\t\t\t\t\t\t<\/div>\n\t\t<\/section>\n\t\t\t\t\t\t\t<\/div>\n\t\t","protected":false},"excerpt":{"rendered":"<p>Radno terapeutske radionica Radna terapija se provodi svakodnevno sa 17 \u010dlanova \u201eKluba Rego\u010d\u201c kojima je oduzeta poslovna sposobnost.\u00a0 Aktivnosti se odvijaju svaki dan od 9 do 12:30 sati, kroz sporazum o suradnji i humanitarnoj pomo\u0107i sa tvrtkom\u201eTim Rekord\u201c iz Oriovca, na poslovima slaganja i pakiranja spu\u017evica. Svakodnevno nakon doru\u010dka u 9.00 sati \u010dlanovi odlaze na [&hellip;]<\/p>\n","protected":false},"author":123458,"featured_media":0,"parent":0,"menu_order":0,"comment_status":"closed","ping_status":"closed","template":"","meta":[],"yoast_head":"<!-- This site is optimized with the Yoast SEO plugin v19.14 - https:\/\/yoast.com\/wordpress\/plugins\/seo\/ -->\n<title>Radno-terapeutske aktivnosti - Rego\u010d<\/title>\n<meta name=\"robots\" content=\"index, follow, max-snippet:-1, max-image-preview:large, max-video-preview:-1\" \/>\n<link rel=\"canonical\" href=\"https:\/\/regoc.test-astral.xyz\/index.php\/radno-terapeutske-aktivnosti\/\" \/>\n<meta property=\"og:locale\" content=\"en_US\" \/>\n<meta property=\"og:type\" content=\"article\" \/>\n<meta property=\"og:title\" content=\"Radno-terapeutske aktivnosti - Rego\u010d\" \/>\n<meta property=\"og:description\" content=\"Radno terapeutske radionica Radna terapija se provodi svakodnevno sa 17 \u010dlanova \u201eKluba Rego\u010d\u201c kojima je oduzeta poslovna sposobnost.\u00a0 Aktivnosti se odvijaju svaki dan od 9 do 12:30 sati, kroz sporazum o suradnji i humanitarnoj pomo\u0107i sa tvrtkom\u201eTim Rekord\u201c iz Oriovca, na poslovima slaganja i pakiranja spu\u017evica. Svakodnevno nakon doru\u010dka u 9.00 sati \u010dlanovi odlaze na [&hellip;]\" \/>\n<meta property=\"og:url\" content=\"https:\/\/regoc.test-astral.xyz\/index.php\/radno-terapeutske-aktivnosti\/\" \/>\n<meta property=\"og:site_name\" content=\"Rego\u010d\" \/>\n<meta property=\"article:modified_time\" content=\"2023-02-06T13:40:40+00:00\" \/>\n<meta property=\"og:image\" content=\"https:\/\/regoc.test-astral.xyz\/wp-content\/uploads\/2023\/02\/radne-aktivnosti-5-768x576.webp\" \/>\n<meta name=\"twitter:card\" content=\"summary_large_image\" \/>\n<meta name=\"twitter:label1\" content=\"Est. reading time\" \/>\n\t<meta name=\"twitter:data1\" content=\"2 minutes\" \/>\n<script type=\"application\/ld+json\" class=\"yoast-schema-graph\">{\"@context\":\"https:\/\/schema.org\",\"@graph\":[{\"@type\":\"WebPage\",\"@id\":\"https:\/\/regoc.test-astral.xyz\/index.php\/radno-terapeutske-aktivnosti\/\",\"url\":\"https:\/\/regoc.test-astral.xyz\/index.php\/radno-terapeutske-aktivnosti\/\",\"name\":\"Radno-terapeutske aktivnosti - Rego\u010d\",\"isPartOf\":{\"@id\":\"https:\/\/regoc.test-astral.xyz\/#website\"},\"datePublished\":\"2023-01-31T13:29:19+00:00\",\"dateModified\":\"2023-02-06T13:40:40+00:00\",\"breadcrumb\":{\"@id\":\"https:\/\/regoc.test-astral.xyz\/index.php\/radno-terapeutske-aktivnosti\/#breadcrumb\"},\"inLanguage\":\"en-US\",\"potentialAction\":[{\"@type\":\"ReadAction\",\"target\":[\"https:\/\/regoc.test-astral.xyz\/index.php\/radno-terapeutske-aktivnosti\/\"]}]},{\"@type\":\"BreadcrumbList\",\"@id\":\"https:\/\/regoc.test-astral.xyz\/index.php\/radno-terapeutske-aktivnosti\/#breadcrumb\",\"itemListElement\":[{\"@type\":\"ListItem\",\"position\":1,\"name\":\"Home\",\"item\":\"https:\/\/regoc.test-astral.xyz\/\"},{\"@type\":\"ListItem\",\"position\":2,\"name\":\"Radno-terapeutske aktivnosti\"}]},{\"@type\":\"WebSite\",\"@id\":\"https:\/\/regoc.test-astral.xyz\/#website\",\"url\":\"https:\/\/regoc.test-astral.xyz\/\",\"name\":\"Rego\u010d\",\"description\":\"Udruga osoba s intelektualnim te\u0161ko\u0107ama\",\"potentialAction\":[{\"@type\":\"SearchAction\",\"target\":{\"@type\":\"EntryPoint\",\"urlTemplate\":\"https:\/\/regoc.test-astral.xyz\/?s={search_term_string}\"},\"query-input\":\"required name=search_term_string\"}],\"inLanguage\":\"en-US\"}]}<\/script>\n<!-- \/ Yoast SEO plugin. -->","yoast_head_json":{"title":"Radno-terapeutske aktivnosti - Rego\u010d","robots":{"index":"index","follow":"follow","max-snippet":"max-snippet:-1","max-image-preview":"max-image-preview:large","max-video-preview":"max-video-preview:-1"},"canonical":"https:\/\/regoc.test-astral.xyz\/index.php\/radno-terapeutske-aktivnosti\/","og_locale":"en_US","og_type":"article","og_title":"Radno-terapeutske aktivnosti - Rego\u010d","og_description":"Radno terapeutske radionica Radna terapija se provodi svakodnevno sa 17 \u010dlanova \u201eKluba Rego\u010d\u201c kojima je oduzeta poslovna sposobnost.\u00a0 Aktivnosti se odvijaju svaki dan od 9 do 12:30 sati, kroz sporazum o suradnji i humanitarnoj pomo\u0107i sa tvrtkom\u201eTim Rekord\u201c iz Oriovca, na poslovima slaganja i pakiranja spu\u017evica. Svakodnevno nakon doru\u010dka u 9.00 sati \u010dlanovi odlaze na [&hellip;]","og_url":"https:\/\/regoc.test-astral.xyz\/index.php\/radno-terapeutske-aktivnosti\/","og_site_name":"Rego\u010d","article_modified_time":"2023-02-06T13:40:40+00:00","og_image":[{"url":"https:\/\/regoc.test-astral.xyz\/wp-content\/uploads\/2023\/02\/radne-aktivnosti-5-768x576.webp"}],"twitter_card":"summary_large_image","twitter_misc":{"Est. reading time":"2 minutes"},"schema":{"@context":"https:\/\/schema.org","@graph":[{"@type":"WebPage","@id":"https:\/\/regoc.test-astral.xyz\/index.php\/radno-terapeutske-aktivnosti\/","url":"https:\/\/regoc.test-astral.xyz\/index.php\/radno-terapeutske-aktivnosti\/","name":"Radno-terapeutske aktivnosti - Rego\u010d","isPartOf":{"@id":"https:\/\/regoc.test-astral.xyz\/#website"},"datePublished":"2023-01-31T13:29:19+00:00","dateModified":"2023-02-06T13:40:40+00:00","breadcrumb":{"@id":"https:\/\/regoc.test-astral.xyz\/index.php\/radno-terapeutske-aktivnosti\/#breadcrumb"},"inLanguage":"en-US","potentialAction":[{"@type":"ReadAction","target":["https:\/\/regoc.test-astral.xyz\/index.php\/radno-terapeutske-aktivnosti\/"]}]},{"@type":"BreadcrumbList","@id":"https:\/\/regoc.test-astral.xyz\/index.php\/radno-terapeutske-aktivnosti\/#breadcrumb","itemListElement":[{"@type":"ListItem","position":1,"name":"Home","item":"https:\/\/regoc.test-astral.xyz\/"},{"@type":"ListItem","position":2,"name":"Radno-terapeutske aktivnosti"}]},{"@type":"WebSite","@id":"https:\/\/regoc.test-astral.xyz\/#website","url":"https:\/\/regoc.test-astral.xyz\/","name":"Rego\u010d","description":"Udruga osoba s intelektualnim te\u0161ko\u0107ama","potentialAction":[{"@type":"SearchAction","target":{"@type":"EntryPoint","urlTemplate":"https:\/\/regoc.test-astral.xyz\/?s={search_term_string}"},"query-input":"required name=search_term_string"}],"inLanguage":"en-US"}]}},"_links":{"self":[{"href":"https:\/\/regoc.test-astral.xyz\/index.php\/wp-json\/wp\/v2\/pages\/830"}],"collection":[{"href":"https:\/\/regoc.test-astral.xyz\/index.php\/wp-json\/wp\/v2\/pages"}],"about":[{"href":"https:\/\/regoc.test-astral.xyz\/index.php\/wp-json\/wp\/v2\/types\/page"}],"author":[{"embeddable":true,"href":"https:\/\/regoc.test-astral.xyz\/index.php\/wp-json\/wp\/v2\/users\/123458"}],"replies":[{"embeddable":true,"href":"https:\/\/regoc.test-astral.xyz\/index.php\/wp-json\/wp\/v2\/comments?post=830"}],"version-history":[{"count":13,"href":"https:\/\/regoc.test-astral.xyz\/index.php\/wp-json\/wp\/v2\/pages\/830\/revisions"}],"predecessor-version":[{"id":12600,"href":"https:\/\/regoc.test-astral.xyz\/index.php\/wp-json\/wp\/v2\/pages\/830\/revisions\/12600"}],"wp:attachment":[{"href":"https:\/\/regoc.test-astral.xyz\/index.php\/wp-json\/wp\/v2\/media?parent=830"}],"curies":[{"name":"wp","href":"https:\/\/api.w.org\/{rel}","templated":true}]}}